{"id":196833,"date":"2022-07-01T20:30:57","date_gmt":"2022-07-01T18:30:57","guid":{"rendered":"https:\/\/aboland.dk\/product\/poeziekrant-01-2022\/"},"modified":"2026-01-25T18:07:15","modified_gmt":"2026-01-25T17:07:15","slug":"poeziekrant-01-2022","status":"publish","type":"product","link":"https:\/\/aboland.nl\/de\/poeziekrant-01-2022\/","title":{"rendered":"Po\u00ebziekrant &#8211; 01 2022"},"content":{"rendered":"<h2>Over dit magazine:<\/h2>\n<p align=\"left\">Ooit begonnen als een heuse krant, ziet het tijdschrift er ondertussen uit als een glossy voor en over po\u00ebzie. De filosofie is wel nog steeds die van de krant, namelijk: de vinger aan de pols houden van wat er gebeurt in het po\u00ebzielandschap en berichten over nieuwe dichters, bundels en tendensen. In\u00a0<em>Po\u00ebziekrant<\/em>\u00a0schrijven de beste pennen over de beste po\u00ebzie.<\/p>\n<p align=\"left\">Je vindt hier in een aantrekkelijke vormgeving interviews, besprekingen, reportages, nieuwe gedichten en vertaalde po\u00ebzie, maar ook columns en vaste rubrieken. Speciale aandacht gaat naar debuterende dichters en naar de hoogtepunten van het jaar op po\u00ebziegebied: Gedichtendag en Po\u00ebzieweek, het Poetry International Festival en het po\u00ebzieprogramma op Theater aan Zee. Met andere woorden: wie en wat ertoe doet in de wereld van de po\u00ebzie vindt u terug in\u00a0<em>Po\u00ebziekrant<\/em>.<\/p>","protected":false},"excerpt":{"rendered":"<h2>In deze editie:<\/h2>\n<p>\nRamsey Nasr: het is puur liefde voor taal en liefde voor bepaalde mensen &#8211; Interview: Marieke Lucas Rijneveld &#8211; Interview: Carl Norac en Mustafa K\u00c3\u00b6r &#8211; Nieuwe columnist: Alfred Schaffer<\/p>","protected":false},"featured_media":383115,"comment_status":"open","ping_status":"closed","template":"","meta":{"_acf_changed":false,"_mo_disable_npp":""},"product_brand":[],"product_cat":[7576,7544,7577,7618,7512,7510,7977],"product_tag":[],"class_list":{"0":"post-196833","1":"product","2":"type-product","3":"status-publish","4":"has-post-thumbnail","6":"product_cat-cultuur","7":"product_cat-kennis-wetenschap","8":"product_cat-kunst","9":"product_cat-literatuur","10":"product_cat-losse-tijdschriften","11":"product_cat-magazines","12":"product_cat-poeziekrant","13":"pa_doelgroep-mannen","14":"pa_doelgroep-vrouwen","15":"pa_erotisch-tijdschrift-nee","16":"pa_taal-nederlands","17":"pa_thema-kennis-en-wetenschap","18":"pa_tijdschrift-set-nee","19":"pa_type-tijdschrift-tweemaandelijks-blad","21":"first","22":"instock","23":"taxable","24":"shipping-taxable","25":"purchasable","26":"product-type-simple"},"acf":[],"df_price":10,"df_sale_price":"","df_regular_price":10,"df_image_link":"https:\/\/aboland.nl\/wp-content\/uploads\/2023\/09\/poezie-krant-01-2022-233x300.webp","_links":{"self":[{"href":"https:\/\/aboland.nl\/de\/wp-json\/wp\/v2\/product\/196833","targetHints":{"allow":["GET"]}}],"collection":[{"href":"https:\/\/aboland.nl\/de\/wp-json\/wp\/v2\/product"}],"about":[{"href":"https:\/\/aboland.nl\/de\/wp-json\/wp\/v2\/types\/product"}],"replies":[{"embeddable":true,"href":"https:\/\/aboland.nl\/de\/wp-json\/wp\/v2\/comments?post=196833"}],"version-history":[{"count":0,"href":"https:\/\/aboland.nl\/de\/wp-json\/wp\/v2\/product\/196833\/revisions"}],"wp:featuredmedia":[{"embeddable":true,"href":"https:\/\/aboland.nl\/de\/wp-json\/wp\/v2\/media\/383115"}],"wp:attachment":[{"href":"https:\/\/aboland.nl\/de\/wp-json\/wp\/v2\/media?parent=196833"}],"wp:term":[{"taxonomy":"product_brand","embeddable":true,"href":"https:\/\/aboland.nl\/de\/wp-json\/wp\/v2\/product_brand?post=196833"},{"taxonomy":"product_cat","embeddable":true,"href":"https:\/\/aboland.nl\/de\/wp-json\/wp\/v2\/product_cat?post=196833"},{"taxonomy":"product_tag","embeddable":true,"href":"https:\/\/aboland.nl\/de\/wp-json\/wp\/v2\/product_tag?post=196833"}],"curies":[{"name":"wp","href":"https:\/\/api.w.org\/{rel}","templated":true}]}}