{"id":195956,"date":"2022-07-01T20:24:47","date_gmt":"2022-07-01T18:24:47","guid":{"rendered":"https:\/\/aboland.dk\/product\/motoplus-06-2022\/"},"modified":"2024-07-25T02:01:52","modified_gmt":"2024-07-25T00:01:52","slug":"motoplus-06-2022","status":"publish","type":"product","link":"https:\/\/aboland.nl\/de\/motoplus-06-2022\/","title":{"rendered":"Motoplus &#8211; 06 2022"},"content":{"rendered":"<h2>Over dit magazine:<\/h2>\n<p>Het laatste motor nieuws met actuele motortesten, de mooiste reizen, vergelijk en testen van kleding, helmen en accessoires, dat is\u00a0MotoPlus.<\/p>","protected":false},"excerpt":{"rendered":"<h2>In deze editie:<\/h2>\n<p>\n3 allroads voor iedere dag: Aprilia Tuareg 660, BMW F750GS &amp; Yamaha T\u00e9n\u00e9r\u00e9 700. Betaalbaar avontuur &#8211; TT: Gratis TT Assen Magazine 2022 &#8211; Fit voor het motorseizoen 2022: Klaar voor de seizoenstart! &#8211; Eerste test: Yamaha MT-10 2022 &#8211; Oud vs nieuw: Ducati Panigale V4 S &#8211; Praktijk: De zuinigste 10 van 2021 &#8211; Getest: 6 accupompjes<\/p>","protected":false},"featured_media":369539,"comment_status":"open","ping_status":"closed","template":"","meta":{"_acf_changed":false,"_mo_disable_npp":""},"product_brand":[],"product_cat":[7529,7512,7510,7917,7604],"product_tag":[],"class_list":{"0":"post-195956","1":"product","2":"type-product","3":"status-publish","4":"has-post-thumbnail","6":"product_cat-auto-vervoer","7":"product_cat-losse-tijdschriften","8":"product_cat-magazines","9":"product_cat-motoplus","10":"product_cat-motoren","11":"pa_categorie-automotive","12":"pa_doelgroep-mannen","13":"pa_erotisch-tijdschrift-nee","14":"pa_taal-nederlands","15":"pa_thema-autos-en-motoren","16":"pa_tijdschrift-set-nee","17":"pa_type-tijdschrift-tweewekelijks-blad","18":"pa_uitgever-volgas-producties-b-v","20":"first","21":"instock","22":"taxable","23":"shipping-taxable","24":"purchasable","25":"product-type-simple"},"acf":[],"df_price":4.95,"df_sale_price":"","df_regular_price":4.95,"df_image_link":"https:\/\/aboland.nl\/wp-content\/uploads\/2023\/08\/motoplus-06-2022-233x300.webp","_links":{"self":[{"href":"https:\/\/aboland.nl\/de\/wp-json\/wp\/v2\/product\/195956","targetHints":{"allow":["GET"]}}],"collection":[{"href":"https:\/\/aboland.nl\/de\/wp-json\/wp\/v2\/product"}],"about":[{"href":"https:\/\/aboland.nl\/de\/wp-json\/wp\/v2\/types\/product"}],"replies":[{"embeddable":true,"href":"https:\/\/aboland.nl\/de\/wp-json\/wp\/v2\/comments?post=195956"}],"version-history":[{"count":0,"href":"https:\/\/aboland.nl\/de\/wp-json\/wp\/v2\/product\/195956\/revisions"}],"wp:featuredmedia":[{"embeddable":true,"href":"https:\/\/aboland.nl\/de\/wp-json\/wp\/v2\/media\/369539"}],"wp:attachment":[{"href":"https:\/\/aboland.nl\/de\/wp-json\/wp\/v2\/media?parent=195956"}],"wp:term":[{"taxonomy":"product_brand","embeddable":true,"href":"https:\/\/aboland.nl\/de\/wp-json\/wp\/v2\/product_brand?post=195956"},{"taxonomy":"product_cat","embeddable":true,"href":"https:\/\/aboland.nl\/de\/wp-json\/wp\/v2\/product_cat?post=195956"},{"taxonomy":"product_tag","embeddable":true,"href":"https:\/\/aboland.nl\/de\/wp-json\/wp\/v2\/product_tag?post=195956"}],"curies":[{"name":"wp","href":"https:\/\/api.w.org\/{rel}","templated":true}]}}