{"id":195373,"date":"2022-07-01T20:20:47","date_gmt":"2022-07-01T18:20:47","guid":{"rendered":"https:\/\/aboland.dk\/product\/klassiek-techniek-264-2020\/"},"modified":"2023-09-24T18:07:28","modified_gmt":"2023-09-24T16:07:28","slug":"klassiek-techniek-264-2020","status":"publish","type":"product","link":"https:\/\/aboland.nl\/de\/klassiek-techniek-264-2020\/","title":{"rendered":"Klassiek &amp; Techniek &#8211; 264 2020"},"content":{"rendered":"<p>Hou je van klassieke auto\u2019s? Klassiek &amp; Techniek is h\u00e9t magazine voor de eigenaar van een klassieke auto of motorfiets en het leuk vindt om over de ervaringen van andere klassiekerliefhebbers te lezen. Artikelen over restauraties, onderhoud en reparaties, ook praktijkervaringen, rij-impressies en koopadviezen komen aan bod in onze magazines. Nu eenvoudig te bestellen bij Magvilla.<\/p>","protected":false},"excerpt":{"rendered":"<h2>In deze editie:<\/h2>\n<p>Restauratie: Ford Com\u00e8te 1953 &#8211; Klassiekerpassie: Nissan en Datsun verzameling &#8211; Waar gebeurd met: Citro\u00ebn, Mercedes, NSU, Suzuki, Volvo &#8211; Project: Citro\u00ebn 2CV Deel IV &#8211; Importeren van een nash &#8211; Boek: het verhaal van Josef Ganz &#8211; Reparatie: Mitsubishi Pajero &#8211; Project: Reliant Scimitar &#8211; Praktisch: stoelreparatie Riley<\/p>","protected":false},"featured_media":369077,"comment_status":"open","ping_status":"closed","template":"","meta":{"_acf_changed":false,"_mo_disable_npp":""},"product_brand":[],"product_cat":[7529,7850,7569,7512,7510],"product_tag":[],"class_list":{"0":"post-195373","1":"product","2":"type-product","3":"status-publish","4":"has-post-thumbnail","6":"product_cat-auto-vervoer","7":"product_cat-klassiek-techniek","8":"product_cat-klassiekers","9":"product_cat-losse-tijdschriften","10":"product_cat-magazines","12":"first","13":"instock","14":"taxable","15":"shipping-taxable","16":"purchasable","17":"product-type-simple"},"acf":[],"df_price":4.95,"df_sale_price":"","df_regular_price":4.95,"df_image_link":"https:\/\/aboland.nl\/wp-content\/uploads\/2023\/08\/klassiek20en20techniek20264-2020-233x300.webp","_links":{"self":[{"href":"https:\/\/aboland.nl\/de\/wp-json\/wp\/v2\/product\/195373","targetHints":{"allow":["GET"]}}],"collection":[{"href":"https:\/\/aboland.nl\/de\/wp-json\/wp\/v2\/product"}],"about":[{"href":"https:\/\/aboland.nl\/de\/wp-json\/wp\/v2\/types\/product"}],"replies":[{"embeddable":true,"href":"https:\/\/aboland.nl\/de\/wp-json\/wp\/v2\/comments?post=195373"}],"version-history":[{"count":0,"href":"https:\/\/aboland.nl\/de\/wp-json\/wp\/v2\/product\/195373\/revisions"}],"wp:featuredmedia":[{"embeddable":true,"href":"https:\/\/aboland.nl\/de\/wp-json\/wp\/v2\/media\/369077"}],"wp:attachment":[{"href":"https:\/\/aboland.nl\/de\/wp-json\/wp\/v2\/media?parent=195373"}],"wp:term":[{"taxonomy":"product_brand","embeddable":true,"href":"https:\/\/aboland.nl\/de\/wp-json\/wp\/v2\/product_brand?post=195373"},{"taxonomy":"product_cat","embeddable":true,"href":"https:\/\/aboland.nl\/de\/wp-json\/wp\/v2\/product_cat?post=195373"},{"taxonomy":"product_tag","embeddable":true,"href":"https:\/\/aboland.nl\/de\/wp-json\/wp\/v2\/product_tag?post=195373"}],"curies":[{"name":"wp","href":"https:\/\/api.w.org\/{rel}","templated":true}]}}