{"id":715476,"date":"2025-07-11T13:29:58","date_gmt":"2025-07-11T11:29:58","guid":{"rendered":"https:\/\/aboland.dk\/?post_type=product&#038;p=715476"},"modified":"2025-11-15T02:19:32","modified_gmt":"2025-11-15T01:19:32","slug":"onze-taal-04-2025","status":"publish","type":"product","link":"https:\/\/aboland.nl\/be\/onze-taal-04-2025\/","title":{"rendered":"Onze Taal &#8211; 04 2025"},"content":{"rendered":"<h2>Over dit magazine:<\/h2>\n<p>Het leukste, interessantste \u00e9n grootste tijdschrift over taal \u2013 dat is Onze Taal, taalkundig verantwoord en prettig leesbaar. Artikelen, interviews en columns \u2013 over etymologie, argumentatie, woordenboeken, spelling en taalverandering.<\/p>","protected":false},"excerpt":{"rendered":"<h2>In deze editie:<\/h2>\n<p>Masterclass met Evert Kwok &#8211; Geboeid door gebaren: Interview met Victoria Nyst &#8211; Landschap en taal: Hoe geografie talen be\u00efnvloedt &#8211; Met \u00e9\u00e9n tik verstaanbaar: Communiceren via vertaalapps<\/p>","protected":false},"featured_media":715477,"comment_status":"open","ping_status":"closed","template":"","meta":{"_acf_changed":false,"_mo_disable_npp":""},"product_brand":[],"product_cat":[7512,7510,7949,7525,7526],"product_tag":[],"class_list":{"0":"post-715476","1":"product","2":"type-product","3":"status-publish","4":"has-post-thumbnail","6":"product_cat-losse-tijdschriften","7":"product_cat-magazines","8":"product_cat-onze-taal","9":"product_cat-opinie","10":"product_cat-opinie-algemeen","11":"pa_doelgroep-mannen","12":"pa_doelgroep-vrouwen","13":"pa_erotisch-tijdschrift-nee","14":"pa_jaar-uitgave-8658","15":"pa_taal-nederlands","16":"pa_thema-kennis-en-wetenschap","17":"pa_tijdschrift-set-nee","18":"pa_type-tijdschrift-tweemaandelijks-blad","20":"first","21":"instock","22":"taxable","23":"shipping-taxable","24":"purchasable","25":"product-type-simple"},"acf":[],"df_price":8.75,"df_sale_price":"","df_regular_price":8.75,"df_image_link":"https:\/\/aboland.nl\/wp-content\/uploads\/2025\/07\/onze-taal-04-2025-214x300.webp","_links":{"self":[{"href":"https:\/\/aboland.nl\/be\/wp-json\/wp\/v2\/product\/715476","targetHints":{"allow":["GET"]}}],"collection":[{"href":"https:\/\/aboland.nl\/be\/wp-json\/wp\/v2\/product"}],"about":[{"href":"https:\/\/aboland.nl\/be\/wp-json\/wp\/v2\/types\/product"}],"replies":[{"embeddable":true,"href":"https:\/\/aboland.nl\/be\/wp-json\/wp\/v2\/comments?post=715476"}],"version-history":[{"count":0,"href":"https:\/\/aboland.nl\/be\/wp-json\/wp\/v2\/product\/715476\/revisions"}],"wp:featuredmedia":[{"embeddable":true,"href":"https:\/\/aboland.nl\/be\/wp-json\/wp\/v2\/media\/715477"}],"wp:attachment":[{"href":"https:\/\/aboland.nl\/be\/wp-json\/wp\/v2\/media?parent=715476"}],"wp:term":[{"taxonomy":"product_brand","embeddable":true,"href":"https:\/\/aboland.nl\/be\/wp-json\/wp\/v2\/product_brand?post=715476"},{"taxonomy":"product_cat","embeddable":true,"href":"https:\/\/aboland.nl\/be\/wp-json\/wp\/v2\/product_cat?post=715476"},{"taxonomy":"product_tag","embeddable":true,"href":"https:\/\/aboland.nl\/be\/wp-json\/wp\/v2\/product_tag?post=715476"}],"curies":[{"name":"wp","href":"https:\/\/api.w.org\/{rel}","templated":true}]}}