{"id":551587,"date":"2024-08-21T07:56:37","date_gmt":"2024-08-21T05:56:37","guid":{"rendered":"https:\/\/aboland.dk\/product\/archeologie-magazine-04-2024\/"},"modified":"2026-05-01T10:07:37","modified_gmt":"2026-05-01T08:07:37","slug":"archeologie-magazine-04-2024","status":"publish","type":"product","link":"https:\/\/aboland.nl\/be\/archeologie-magazine-04-2024\/","title":{"rendered":"Archeologie Magazine &#8211; 04 2024"},"content":{"rendered":"<h2>Over dit magazine:<\/h2>\n<p>Ontdek het verleden met Archeologie Magazine! Archeologie Magazine neemt je mee op ontdekkingstocht naar archeologische vindplaatsen in binnen- en buitenland. In het tijdschrift staan mooie verhalen over de opkomst, bloei en ondergang van eeuwenoude beschavingen. Het is het enige Nederlandstalige tijdschrift over archeologie, cultuur, geschiedenis en reizen. Bestel hem eenvoudig en snel via onze website!<\/p>","protected":false},"excerpt":{"rendered":"<h2>In deze editie:<\/h2>\n<p>Leiden: Herkomst twee Egyptische antiquiteiten onderzocht &#8211; Turkije: De wonderlijke ru\u00efnes van Sogmatar &#8211; Den Haag: Graven op het binnenhof &#8211; Dacia: Rijk van goud en zilver in Roemeni\u00eb \u00e9n Assen<\/p>","protected":false},"featured_media":552142,"comment_status":"open","ping_status":"closed","template":"","meta":{"_acf_changed":false,"_mo_disable_npp":""},"product_brand":[],"product_cat":[7563,7545,7544,7512,7510],"product_tag":[],"class_list":{"0":"post-551587","1":"product","2":"type-product","3":"status-publish","4":"has-post-thumbnail","6":"product_cat-archeologie-magazine","7":"product_cat-geschiedenis","8":"product_cat-kennis-wetenschap","9":"product_cat-losse-tijdschriften","10":"product_cat-magazines","11":"pa_doelgroep-mannen","12":"pa_doelgroep-vrouwen","13":"pa_erotisch-tijdschrift-nee","14":"pa_jaar-uitgave-8618","15":"pa_taal-nederlands","16":"pa_thema-kennis-en-wetenschap","17":"pa_tijdschrift-set-nee","18":"pa_type-tijdschrift-tweemaandelijks-blad","19":"pa_uitgever-abonnementenland","21":"first","22":"outofstock","23":"sale","24":"taxable","25":"shipping-taxable","26":"purchasable","27":"product-type-simple"},"acf":[],"df_price":6,"df_sale_price":6,"df_regular_price":8.45,"df_image_link":"https:\/\/aboland.nl\/wp-content\/uploads\/2024\/08\/archeologie-04-2024-214x300.webp","_links":{"self":[{"href":"https:\/\/aboland.nl\/be\/wp-json\/wp\/v2\/product\/551587","targetHints":{"allow":["GET"]}}],"collection":[{"href":"https:\/\/aboland.nl\/be\/wp-json\/wp\/v2\/product"}],"about":[{"href":"https:\/\/aboland.nl\/be\/wp-json\/wp\/v2\/types\/product"}],"replies":[{"embeddable":true,"href":"https:\/\/aboland.nl\/be\/wp-json\/wp\/v2\/comments?post=551587"}],"version-history":[{"count":0,"href":"https:\/\/aboland.nl\/be\/wp-json\/wp\/v2\/product\/551587\/revisions"}],"wp:featuredmedia":[{"embeddable":true,"href":"https:\/\/aboland.nl\/be\/wp-json\/wp\/v2\/media\/552142"}],"wp:attachment":[{"href":"https:\/\/aboland.nl\/be\/wp-json\/wp\/v2\/media?parent=551587"}],"wp:term":[{"taxonomy":"product_brand","embeddable":true,"href":"https:\/\/aboland.nl\/be\/wp-json\/wp\/v2\/product_brand?post=551587"},{"taxonomy":"product_cat","embeddable":true,"href":"https:\/\/aboland.nl\/be\/wp-json\/wp\/v2\/product_cat?post=551587"},{"taxonomy":"product_tag","embeddable":true,"href":"https:\/\/aboland.nl\/be\/wp-json\/wp\/v2\/product_tag?post=551587"}],"curies":[{"name":"wp","href":"https:\/\/api.w.org\/{rel}","templated":true}]}}