{"id":539063,"date":"2024-07-25T12:20:15","date_gmt":"2024-07-25T10:20:15","guid":{"rendered":"https:\/\/aboland.dk\/product\/meesterlijk-van-robert-47-2024\/"},"modified":"2026-02-27T02:07:13","modified_gmt":"2026-02-27T01:07:13","slug":"meesterlijk-van-robert-47-2024","status":"publish","type":"product","link":"https:\/\/aboland.nl\/be\/meesterlijk-van-robert-47-2024\/","title":{"rendered":"Meesterlijk van Rob\u00e8rt &#8211; 47 2024"},"content":{"rendered":"<h2>Over dit magazine:<\/h2>\n<p>Meesterlijk\u00a0van Rob\u00e8rt is h\u00e9t (thuis)bakblad van Rob\u00e8rt van Beckhoven, met de beste recepten en tips voor thuisbakkers. Laat je inspireren!<\/p>","protected":false},"excerpt":{"rendered":"<h2>In deze editie:<\/h2>\n<p>Madeleines favoriet uit Frankrijk &#8211; Taart en gebak met boterdegen &#8211; Zoete &amp; hartige macarons &#8211; De lekkerste tussendoortjes volgens Rob\u00e8rt\u00a0 &#8211; Makkelijke zomertaart Galette met perzik &#8211; Filotaartjes met appel en karamel &#8211; Het (thuis)bakblad van Nederland<\/p>","protected":false},"featured_media":539064,"comment_status":"open","ping_status":"closed","template":"","meta":{"_acf_changed":false,"_mo_disable_npp":""},"product_brand":[],"product_cat":[7897,7602,7585,7539,7512,7510,7898,7559],"product_tag":[],"class_list":{"0":"post-539063","1":"product","2":"type-product","3":"status-publish","4":"has-post-thumbnail","6":"product_cat-bakken","7":"product_cat-culinair-algemeen","8":"product_cat-eten","9":"product_cat-hobby-vrije-tijd","10":"product_cat-losse-tijdschriften","11":"product_cat-magazines","12":"product_cat-meesterlijk-van-robert","13":"product_cat-voeding-gezondheid","14":"pa_doelgroep-mannen","15":"pa_doelgroep-vrouwen","16":"pa_erotisch-tijdschrift-nee","17":"pa_jaar-uitgave-8618","18":"pa_taal-nederlands","19":"pa_thema-health-en-food","20":"pa_thema-hobby-en-vrije-tijd","21":"pa_tijdschrift-set-nee","22":"pa_type-tijdschrift-tweemaandelijks-blad","23":"pa_uitgever-meesterlijk-merk-b-v","25":"first","26":"instock","27":"taxable","28":"shipping-taxable","29":"purchasable","30":"product-type-simple"},"acf":[],"df_price":9.95,"df_sale_price":"","df_regular_price":9.95,"df_image_link":"https:\/\/aboland.nl\/wp-content\/uploads\/2024\/07\/meesterlijk-van-robert-47-2024-214x300.webp","_links":{"self":[{"href":"https:\/\/aboland.nl\/be\/wp-json\/wp\/v2\/product\/539063","targetHints":{"allow":["GET"]}}],"collection":[{"href":"https:\/\/aboland.nl\/be\/wp-json\/wp\/v2\/product"}],"about":[{"href":"https:\/\/aboland.nl\/be\/wp-json\/wp\/v2\/types\/product"}],"replies":[{"embeddable":true,"href":"https:\/\/aboland.nl\/be\/wp-json\/wp\/v2\/comments?post=539063"}],"version-history":[{"count":0,"href":"https:\/\/aboland.nl\/be\/wp-json\/wp\/v2\/product\/539063\/revisions"}],"wp:featuredmedia":[{"embeddable":true,"href":"https:\/\/aboland.nl\/be\/wp-json\/wp\/v2\/media\/539064"}],"wp:attachment":[{"href":"https:\/\/aboland.nl\/be\/wp-json\/wp\/v2\/media?parent=539063"}],"wp:term":[{"taxonomy":"product_brand","embeddable":true,"href":"https:\/\/aboland.nl\/be\/wp-json\/wp\/v2\/product_brand?post=539063"},{"taxonomy":"product_cat","embeddable":true,"href":"https:\/\/aboland.nl\/be\/wp-json\/wp\/v2\/product_cat?post=539063"},{"taxonomy":"product_tag","embeddable":true,"href":"https:\/\/aboland.nl\/be\/wp-json\/wp\/v2\/product_tag?post=539063"}],"curies":[{"name":"wp","href":"https:\/\/api.w.org\/{rel}","templated":true}]}}