{"id":538551,"date":"2024-07-25T11:36:47","date_gmt":"2024-07-25T09:36:47","guid":{"rendered":"https:\/\/aboland.dk\/?post_type=product&#038;p=538551"},"modified":"2026-02-27T02:07:11","modified_gmt":"2026-02-27T01:07:11","slug":"motoplus-15-2024","status":"publish","type":"product","link":"https:\/\/aboland.nl\/be\/motoplus-15-2024\/","title":{"rendered":"Motoplus &#8211; 15 2024"},"content":{"rendered":"<h2>Over dit magazine:<\/h2>\n<p>Het laatste motor nieuws met actuele motortesten, de mooiste reizen, vergelijk en testen van kleding, helmen en accessoires, dat is\u00a0MotoPlus.<\/p>","protected":false},"excerpt":{"rendered":"<h2>In deze editie:<\/h2>\n<p>BMW&#8217;s Chef Avontuur R1300GS Adventure &#8211; BMW M1000RR Honda CBR1000RR-R Fireblade SP Circuitbeesten! &#8211; Effici\u00ebnt geld verbranden &#8211; Reportage T\u00e9n\u00e9r\u00e9 Travel Trophy<\/p>","protected":false},"featured_media":538552,"comment_status":"open","ping_status":"closed","template":"","meta":{"_acf_changed":false,"_mo_disable_npp":""},"product_brand":[],"product_cat":[8535,7529,7512,7510,7917,7604],"product_tag":[],"class_list":{"0":"post-538551","1":"product","2":"type-product","3":"status-publish","4":"has-post-thumbnail","6":"product_cat-vaderdag","7":"product_cat-auto-vervoer","8":"product_cat-losse-tijdschriften","9":"product_cat-magazines","10":"product_cat-motoplus","11":"product_cat-motoren","12":"pa_doelgroep-mannen","13":"pa_erotisch-tijdschrift-nee","14":"pa_jaar-uitgave-8618","15":"pa_taal-nederlands","16":"pa_thema-autos-en-motoren","17":"pa_tijdschrift-set-nee","18":"pa_type-tijdschrift-tweewekelijks-blad","19":"pa_uitgever-volgas-producties-b-v","21":"first","22":"instock","23":"taxable","24":"shipping-taxable","25":"purchasable","26":"product-type-simple"},"acf":[],"df_price":4.95,"df_sale_price":"","df_regular_price":4.95,"df_image_link":"https:\/\/aboland.nl\/wp-content\/uploads\/2024\/07\/motoplus-15-2024-214x300.webp","_links":{"self":[{"href":"https:\/\/aboland.nl\/be\/wp-json\/wp\/v2\/product\/538551","targetHints":{"allow":["GET"]}}],"collection":[{"href":"https:\/\/aboland.nl\/be\/wp-json\/wp\/v2\/product"}],"about":[{"href":"https:\/\/aboland.nl\/be\/wp-json\/wp\/v2\/types\/product"}],"replies":[{"embeddable":true,"href":"https:\/\/aboland.nl\/be\/wp-json\/wp\/v2\/comments?post=538551"}],"version-history":[{"count":0,"href":"https:\/\/aboland.nl\/be\/wp-json\/wp\/v2\/product\/538551\/revisions"}],"wp:featuredmedia":[{"embeddable":true,"href":"https:\/\/aboland.nl\/be\/wp-json\/wp\/v2\/media\/538552"}],"wp:attachment":[{"href":"https:\/\/aboland.nl\/be\/wp-json\/wp\/v2\/media?parent=538551"}],"wp:term":[{"taxonomy":"product_brand","embeddable":true,"href":"https:\/\/aboland.nl\/be\/wp-json\/wp\/v2\/product_brand?post=538551"},{"taxonomy":"product_cat","embeddable":true,"href":"https:\/\/aboland.nl\/be\/wp-json\/wp\/v2\/product_cat?post=538551"},{"taxonomy":"product_tag","embeddable":true,"href":"https:\/\/aboland.nl\/be\/wp-json\/wp\/v2\/product_tag?post=538551"}],"curies":[{"name":"wp","href":"https:\/\/api.w.org\/{rel}","templated":true}]}}