{"id":434788,"date":"2023-12-29T13:25:02","date_gmt":"2023-12-29T12:25:02","guid":{"rendered":"https:\/\/aboland.dk\/product\/libelle-gezond-01-2024\/"},"modified":"2024-04-12T05:18:45","modified_gmt":"2024-04-12T03:18:45","slug":"libelle-gezond-01-2024","status":"publish","type":"product","link":"https:\/\/aboland.nl\/be\/libelle-gezond-01-2024\/","title":{"rendered":"Libelle Gezond &#8211; 01 2024"},"content":{"rendered":"<h2>Over dit magazine:<\/h2>\n<p>In het tijdschrift Libelle Specials geniet je van n\u00f3g meer inspiratie! Elke Special staat in het teken van \u00e9\u00e9n onderwerp, onderverdeeld in Libelle Gezond, Libelle Tuin &amp; Zo, Libelle Living en Libelle Lekker. In elke Special krijgt je favoriete onderwerp de volledige aandacht en lees je alles over gezond en gelukkig leven, tuintips, wooninspiratie, Do-It-Yourselfs en lekkere recepten.<\/p>","protected":false},"excerpt":{"rendered":"<h2>In deze editie:<\/h2>\n<p>Arts Annelien kreeg op haar 32E Parkinson: &#8221;Ik wist niet dat jonge mensen dit kunnen krijgen&#8221; &#8211; 100% feelgood &#8211; Geen dieet, toch afvallen?: Hoe je kilo&#8217;s kwijtraakt door mindful eten &#8211; Dossier: Van Glaucoom tot staar: Alles over ogen en oogziektes &#8211; M\u00e9\u00e9r energie &amp; veerkracht &#8211; Minderen met suiker: Zo zoet je het slimmer!<\/p>","protected":false},"featured_media":434789,"comment_status":"open","ping_status":"closed","template":"","meta":{"_acf_changed":false,"_mo_disable_npp":""},"product_brand":[],"product_cat":[7561,7874,7560,7512,7510,7559,7514,7515,7551],"product_tag":[],"class_list":{"0":"post-434788","1":"product","2":"type-product","3":"status-publish","4":"has-post-thumbnail","6":"product_cat-gezondheid","7":"product_cat-libelle","8":"product_cat-lichaam-geest","9":"product_cat-losse-tijdschriften","10":"product_cat-magazines","11":"product_cat-voeding-gezondheid","12":"product_cat-vrouw","13":"product_cat-vrouw-algemeen","14":"product_cat-zomer-deals","15":"pa_categorie-mode-lifestyle","16":"pa_doelgroep-vrouwen","17":"pa_erotisch-tijdschrift-nee","18":"pa_jaar-uitgave-8417","19":"pa_taal-nederlands","20":"pa_thema-health-en-food","21":"pa_tijdschrift-set-nee","22":"pa_type-tijdschrift-special","24":"first","25":"outofstock","26":"taxable","27":"shipping-taxable","28":"purchasable","29":"product-type-simple"},"acf":[],"df_price":5.5,"df_sale_price":"","df_regular_price":5.5,"df_image_link":"https:\/\/aboland.nl\/wp-content\/uploads\/2023\/12\/libelle-gezond-01-2024-233x300.webp","_links":{"self":[{"href":"https:\/\/aboland.nl\/be\/wp-json\/wp\/v2\/product\/434788","targetHints":{"allow":["GET"]}}],"collection":[{"href":"https:\/\/aboland.nl\/be\/wp-json\/wp\/v2\/product"}],"about":[{"href":"https:\/\/aboland.nl\/be\/wp-json\/wp\/v2\/types\/product"}],"replies":[{"embeddable":true,"href":"https:\/\/aboland.nl\/be\/wp-json\/wp\/v2\/comments?post=434788"}],"version-history":[{"count":0,"href":"https:\/\/aboland.nl\/be\/wp-json\/wp\/v2\/product\/434788\/revisions"}],"wp:featuredmedia":[{"embeddable":true,"href":"https:\/\/aboland.nl\/be\/wp-json\/wp\/v2\/media\/434789"}],"wp:attachment":[{"href":"https:\/\/aboland.nl\/be\/wp-json\/wp\/v2\/media?parent=434788"}],"wp:term":[{"taxonomy":"product_brand","embeddable":true,"href":"https:\/\/aboland.nl\/be\/wp-json\/wp\/v2\/product_brand?post=434788"},{"taxonomy":"product_cat","embeddable":true,"href":"https:\/\/aboland.nl\/be\/wp-json\/wp\/v2\/product_cat?post=434788"},{"taxonomy":"product_tag","embeddable":true,"href":"https:\/\/aboland.nl\/be\/wp-json\/wp\/v2\/product_tag?post=434788"}],"curies":[{"name":"wp","href":"https:\/\/api.w.org\/{rel}","templated":true}]}}