{"id":434761,"date":"2023-12-29T12:53:54","date_gmt":"2023-12-29T11:53:54","guid":{"rendered":"https:\/\/aboland.dk\/product\/gen-04-2023\/"},"modified":"2024-03-16T08:18:32","modified_gmt":"2024-03-16T07:18:32","slug":"gen-04-2023","status":"publish","type":"product","link":"https:\/\/aboland.nl\/be\/gen-04-2023\/","title":{"rendered":"Gen &#8211; 04 2023"},"content":{"rendered":"<h2>Over dit tijdschrift:<\/h2>\n<p>Met <i>Gen<\/i>. willen we iedereen met belangstelling voor familiegeschiedenis informeren \u00e9n inspireren. <i>Gen.magazine <\/i>begeleidt je tijdens je speurtocht in je eigen of andermans familiegeschiedenis, bijvoorbeeld bij het zoeken naar en \u00edn bronnen, zowel in archieven als op internet. De rijk ge\u00efllustreerde artikelen zetten aan om zelf aan de slag te gaan, en praktijkvoorbeelden brengen je op nieuwe idee\u00ebn. <i>Gen<\/i>. is, kortom, het toonaangevende Nederlandse tijdschrift op het terrein van familiegeschiedenis.<\/p>","protected":false},"excerpt":{"rendered":"<h2>In deze editie:<\/h2>\n<p>Onkuyse vuyligheeden Veroordeeld wegens sodomie &#8211; Suriname en de Cariben ontsloten slavernijbronnen -Cassettebandjes vol Indische geheimen &#8211; Tommy Wieringa over de spanning tussen feit en fictie<\/p>","protected":false},"featured_media":434762,"comment_status":"open","ping_status":"closed","template":"","meta":{"_acf_changed":false,"_mo_disable_npp":""},"product_brand":[],"product_cat":[8572,7545,7544,7512,7510],"product_tag":[],"class_list":{"0":"post-434761","1":"product","2":"type-product","3":"status-publish","4":"has-post-thumbnail","6":"product_cat-gen","7":"product_cat-geschiedenis","8":"product_cat-kennis-wetenschap","9":"product_cat-losse-tijdschriften","10":"product_cat-magazines","11":"pa_doelgroep-mannen","12":"pa_doelgroep-vrouwen","13":"pa_erotisch-tijdschrift-nee","14":"pa_taal-nederlands","15":"pa_thema-kennis-en-wetenschap","16":"pa_tijdschrift-set-nee","17":"pa_type-tijdschrift-kwartaalblad","19":"first","20":"instock","21":"taxable","22":"shipping-taxable","23":"purchasable","24":"product-type-simple"},"acf":[],"df_price":17.65,"df_sale_price":"","df_regular_price":17.65,"df_image_link":"https:\/\/aboland.nl\/wp-content\/uploads\/2023\/12\/gen-magazine-04-2023-220x300.webp","_links":{"self":[{"href":"https:\/\/aboland.nl\/be\/wp-json\/wp\/v2\/product\/434761","targetHints":{"allow":["GET"]}}],"collection":[{"href":"https:\/\/aboland.nl\/be\/wp-json\/wp\/v2\/product"}],"about":[{"href":"https:\/\/aboland.nl\/be\/wp-json\/wp\/v2\/types\/product"}],"replies":[{"embeddable":true,"href":"https:\/\/aboland.nl\/be\/wp-json\/wp\/v2\/comments?post=434761"}],"version-history":[{"count":0,"href":"https:\/\/aboland.nl\/be\/wp-json\/wp\/v2\/product\/434761\/revisions"}],"wp:featuredmedia":[{"embeddable":true,"href":"https:\/\/aboland.nl\/be\/wp-json\/wp\/v2\/media\/434762"}],"wp:attachment":[{"href":"https:\/\/aboland.nl\/be\/wp-json\/wp\/v2\/media?parent=434761"}],"wp:term":[{"taxonomy":"product_brand","embeddable":true,"href":"https:\/\/aboland.nl\/be\/wp-json\/wp\/v2\/product_brand?post=434761"},{"taxonomy":"product_cat","embeddable":true,"href":"https:\/\/aboland.nl\/be\/wp-json\/wp\/v2\/product_cat?post=434761"},{"taxonomy":"product_tag","embeddable":true,"href":"https:\/\/aboland.nl\/be\/wp-json\/wp\/v2\/product_tag?post=434761"}],"curies":[{"name":"wp","href":"https:\/\/api.w.org\/{rel}","templated":true}]}}