{"id":392344,"date":"2023-09-28T14:33:53","date_gmt":"2023-09-28T12:33:53","guid":{"rendered":"https:\/\/aboland.dk\/product\/meesterlijk-van-robert-42-2023\/"},"modified":"2025-12-20T09:49:42","modified_gmt":"2025-12-20T08:49:42","slug":"meesterlijk-van-robert-42-2023","status":"publish","type":"product","link":"https:\/\/aboland.nl\/be\/meesterlijk-van-robert-42-2023\/","title":{"rendered":"Meesterlijk van Rob\u00e8rt &#8211; 42 2023"},"content":{"rendered":"<h2>Over dit magazine:<\/h2>\n<p>Meesterlijk\u00a0van Rob\u00e8rt is h\u00e9t (thuis)bakblad van Rob\u00e8rt van Beckhoven, met de beste recepten en tips voor thuisbakkers. Laat je inspireren!<\/p>","protected":false},"excerpt":{"rendered":"<h2>In deze editie:<\/h2>\n<p>Bakken vanuit de basis: ROUX &#8211; XL-spekken en andere kermislekkernijen &#8211; Stap voor stap: Cr\u00e9mekoeken met chocolade &#8211; Simpel &amp; snel Hazelnootfudge &#8211; De magie van Desem &#8211; Zoete en hartige Tarte Tatin &#8211; H\u00e9t (Thuis) bakblad van Nederland<\/p>","protected":false},"featured_media":392345,"comment_status":"open","ping_status":"closed","template":"","meta":{"_acf_changed":false,"_mo_disable_npp":""},"product_brand":[],"product_cat":[7897,7602,7585,7539,7512,7510,7898,7559],"product_tag":[],"class_list":{"0":"post-392344","1":"product","2":"type-product","3":"status-publish","4":"has-post-thumbnail","6":"product_cat-bakken","7":"product_cat-culinair-algemeen","8":"product_cat-eten","9":"product_cat-hobby-vrije-tijd","10":"product_cat-losse-tijdschriften","11":"product_cat-magazines","12":"product_cat-meesterlijk-van-robert","13":"product_cat-voeding-gezondheid","14":"pa_doelgroep-mannen","15":"pa_doelgroep-vrouwen","16":"pa_erotisch-tijdschrift-nee","17":"pa_jaar-uitgave-8417","18":"pa_taal-nederlands","19":"pa_thema-health-en-food","20":"pa_thema-hobby-en-vrije-tijd","21":"pa_tijdschrift-set-nee","22":"pa_type-tijdschrift-tweemaandelijks-blad","23":"pa_uitgever-meesterlijk-merk-b-v","25":"first","26":"instock","27":"taxable","28":"shipping-taxable","29":"purchasable","30":"product-type-simple"},"acf":[],"df_price":9.95,"df_sale_price":"","df_regular_price":9.95,"df_image_link":"https:\/\/aboland.nl\/wp-content\/uploads\/2023\/09\/Meesterlijk-van-Robert-200x300.webp","_links":{"self":[{"href":"https:\/\/aboland.nl\/be\/wp-json\/wp\/v2\/product\/392344","targetHints":{"allow":["GET"]}}],"collection":[{"href":"https:\/\/aboland.nl\/be\/wp-json\/wp\/v2\/product"}],"about":[{"href":"https:\/\/aboland.nl\/be\/wp-json\/wp\/v2\/types\/product"}],"replies":[{"embeddable":true,"href":"https:\/\/aboland.nl\/be\/wp-json\/wp\/v2\/comments?post=392344"}],"version-history":[{"count":0,"href":"https:\/\/aboland.nl\/be\/wp-json\/wp\/v2\/product\/392344\/revisions"}],"wp:featuredmedia":[{"embeddable":true,"href":"https:\/\/aboland.nl\/be\/wp-json\/wp\/v2\/media\/392345"}],"wp:attachment":[{"href":"https:\/\/aboland.nl\/be\/wp-json\/wp\/v2\/media?parent=392344"}],"wp:term":[{"taxonomy":"product_brand","embeddable":true,"href":"https:\/\/aboland.nl\/be\/wp-json\/wp\/v2\/product_brand?post=392344"},{"taxonomy":"product_cat","embeddable":true,"href":"https:\/\/aboland.nl\/be\/wp-json\/wp\/v2\/product_cat?post=392344"},{"taxonomy":"product_tag","embeddable":true,"href":"https:\/\/aboland.nl\/be\/wp-json\/wp\/v2\/product_tag?post=392344"}],"curies":[{"name":"wp","href":"https:\/\/api.w.org\/{rel}","templated":true}]}}