{"id":353472,"date":"2023-07-12T10:35:14","date_gmt":"2023-07-12T08:35:14","guid":{"rendered":"https:\/\/aboland.dk\/product\/down-to-earth-77-2023\/"},"modified":"2026-05-05T03:02:20","modified_gmt":"2026-05-05T01:02:20","slug":"down-to-earth-77-2023","status":"publish","type":"product","link":"https:\/\/aboland.nl\/be\/down-to-earth-77-2023\/","title":{"rendered":"Down to Earth &#8211; 77 2023"},"content":{"rendered":"<h2>Over dit magazine:<\/h2>\n<p>Down to earth is een platform voor groene journalistiek en opinie. Dit magazine is een initiatief van Milieudefensie en wordt gemaakt op basis van een onafhankelijk redactiestatuut. De artikelen geven niet noodzakelijk het standpunt van de Vereniging Milieudefensie weer. Nu eenvoudig te bestellen bij Magvilla.<\/p>","protected":false},"excerpt":{"rendered":"<h2>In deze editie:<\/h2>\n<p>Klimaat- en vakbeweging: \u00e9\u00e9n strijd, \u00e9\u00e9n toekomst! &#8211; Stop: gasproject bij Tiwi-eilanden &#8211; Red insecten van uitsterven &#8211; Laat veerponten niet verdwijnen<\/p>","protected":false},"featured_media":373606,"comment_status":"open","ping_status":"closed","template":"","meta":{"_acf_changed":false,"_mo_disable_npp":""},"product_brand":[],"product_cat":[7705,7512,7510,7525,7526],"product_tag":[],"class_list":{"0":"post-353472","1":"product","2":"type-product","3":"status-publish","4":"has-post-thumbnail","6":"product_cat-down-to-earth","7":"product_cat-losse-tijdschriften","8":"product_cat-magazines","9":"product_cat-opinie","10":"product_cat-opinie-algemeen","11":"pa_doelgroep-mannen","12":"pa_doelgroep-vrouwen","13":"pa_erotisch-tijdschrift-nee","14":"pa_taal-nederlands","15":"pa_thema-opinie","16":"pa_tijdschrift-set-nee","17":"pa_type-tijdschrift-maandblad","19":"first","20":"instock","21":"taxable","22":"shipping-taxable","23":"purchasable","24":"product-type-simple"},"acf":[],"df_price":3.95,"df_sale_price":"","df_regular_price":3.95,"df_image_link":"https:\/\/aboland.nl\/wp-content\/uploads\/2023\/09\/down-to-earth-77-2023-233x300.webp","_links":{"self":[{"href":"https:\/\/aboland.nl\/be\/wp-json\/wp\/v2\/product\/353472","targetHints":{"allow":["GET"]}}],"collection":[{"href":"https:\/\/aboland.nl\/be\/wp-json\/wp\/v2\/product"}],"about":[{"href":"https:\/\/aboland.nl\/be\/wp-json\/wp\/v2\/types\/product"}],"replies":[{"embeddable":true,"href":"https:\/\/aboland.nl\/be\/wp-json\/wp\/v2\/comments?post=353472"}],"version-history":[{"count":0,"href":"https:\/\/aboland.nl\/be\/wp-json\/wp\/v2\/product\/353472\/revisions"}],"wp:featuredmedia":[{"embeddable":true,"href":"https:\/\/aboland.nl\/be\/wp-json\/wp\/v2\/media\/373606"}],"wp:attachment":[{"href":"https:\/\/aboland.nl\/be\/wp-json\/wp\/v2\/media?parent=353472"}],"wp:term":[{"taxonomy":"product_brand","embeddable":true,"href":"https:\/\/aboland.nl\/be\/wp-json\/wp\/v2\/product_brand?post=353472"},{"taxonomy":"product_cat","embeddable":true,"href":"https:\/\/aboland.nl\/be\/wp-json\/wp\/v2\/product_cat?post=353472"},{"taxonomy":"product_tag","embeddable":true,"href":"https:\/\/aboland.nl\/be\/wp-json\/wp\/v2\/product_tag?post=353472"}],"curies":[{"name":"wp","href":"https:\/\/api.w.org\/{rel}","templated":true}]}}