{"id":327637,"date":"2023-05-25T06:33:03","date_gmt":"2023-05-25T04:33:03","guid":{"rendered":"https:\/\/aboland.dk\/product\/story-21-2023\/"},"modified":"2024-07-05T02:34:54","modified_gmt":"2024-07-05T00:34:54","slug":"story-21-2023","status":"publish","type":"product","link":"https:\/\/aboland.nl\/be\/story-21-2023\/","title":{"rendered":"Story &#8211; 21 2023"},"content":{"rendered":"<h2>Over dit magazine:<\/h2>\n<p>Story brengt iedere week het allerlaatste nieuws over ons koningshuis en Nederlandse en internationale showbizz. Met iedere week de meest onthullende verhalen en exclusieve foto\u00b4s. Daarnaast is er ook wekelijks een gratis puzzelbijlage!<\/p>","protected":false},"excerpt":{"rendered":"<h2>In deze editie:<\/h2>\n<p>Schoondochter Chelsea in Story over Linda de Mol &amp; Jeroen Rietbergen: &#8216;Als \u00e9\u00e9n familie zijn we er voor ze!&#8217;v- Ex-minnaar onthult: grote zorgen om Gordon &#8211; Exclusief in Story: z\u00f3 happy is Rob Kemps met zijn nieuwe liefde Stephanie. De eerste foto&#8217;s van hen samen &#8211; N\u00f3g meer Meiland geheimen: Martien weigert bezoek arts! Maxime stelt derde kindje alsnog uit &#8230;, Erica zweert de mannen af, Montana: &#8216;G\u00e9\u00e9n verzoening met Dirk&#8217;<\/p>","protected":false},"featured_media":373540,"comment_status":"open","ping_status":"closed","template":"","meta":{"_acf_changed":false,"_mo_disable_npp":""},"product_brand":[],"product_cat":[7512,7510,7967,7966,7825,8067,7514],"product_tag":[],"class_list":{"0":"post-327637","1":"product","2":"type-product","3":"status-publish","4":"has-post-thumbnail","6":"product_cat-losse-tijdschriften","7":"product_cat-magazines","8":"product_cat-roddelbladen","9":"product_cat-showbizz-royalty","10":"product_cat-stars-celebrities","11":"product_cat-story","12":"product_cat-vrouw","13":"pa_doelgroep-mannen","14":"pa_doelgroep-vrouwen","15":"pa_erotisch-tijdschrift-nee","16":"pa_taal-nederlands","17":"pa_thema-showbizz-en-royalty","18":"pa_tijdschrift-set-nee","19":"pa_type-tijdschrift-weekblad","20":"pa_uitgever-dpg-media","22":"first","23":"outofstock","24":"taxable","25":"shipping-taxable","26":"purchasable","27":"product-type-simple"},"acf":[],"df_price":3.9,"df_sale_price":"","df_regular_price":3.9,"df_image_link":"https:\/\/aboland.nl\/wp-content\/uploads\/2023\/09\/story-21-2023-233x300.webp","_links":{"self":[{"href":"https:\/\/aboland.nl\/be\/wp-json\/wp\/v2\/product\/327637","targetHints":{"allow":["GET"]}}],"collection":[{"href":"https:\/\/aboland.nl\/be\/wp-json\/wp\/v2\/product"}],"about":[{"href":"https:\/\/aboland.nl\/be\/wp-json\/wp\/v2\/types\/product"}],"replies":[{"embeddable":true,"href":"https:\/\/aboland.nl\/be\/wp-json\/wp\/v2\/comments?post=327637"}],"version-history":[{"count":0,"href":"https:\/\/aboland.nl\/be\/wp-json\/wp\/v2\/product\/327637\/revisions"}],"wp:featuredmedia":[{"embeddable":true,"href":"https:\/\/aboland.nl\/be\/wp-json\/wp\/v2\/media\/373540"}],"wp:attachment":[{"href":"https:\/\/aboland.nl\/be\/wp-json\/wp\/v2\/media?parent=327637"}],"wp:term":[{"taxonomy":"product_brand","embeddable":true,"href":"https:\/\/aboland.nl\/be\/wp-json\/wp\/v2\/product_brand?post=327637"},{"taxonomy":"product_cat","embeddable":true,"href":"https:\/\/aboland.nl\/be\/wp-json\/wp\/v2\/product_cat?post=327637"},{"taxonomy":"product_tag","embeddable":true,"href":"https:\/\/aboland.nl\/be\/wp-json\/wp\/v2\/product_tag?post=327637"}],"curies":[{"name":"wp","href":"https:\/\/api.w.org\/{rel}","templated":true}]}}