{"id":320341,"date":"2023-05-13T09:54:07","date_gmt":"2023-05-13T07:54:07","guid":{"rendered":"https:\/\/aboland.dk\/product\/libelle-21-2023\/"},"modified":"2024-06-01T04:14:10","modified_gmt":"2024-06-01T02:14:10","slug":"libelle-21-2023","status":"publish","type":"product","link":"https:\/\/aboland.nl\/be\/libelle-21-2023\/","title":{"rendered":"Libelle &#8211; 21 2023"},"content":{"rendered":"<h2>Over dit magazine:<\/h2>\n<p>Libelle brengt wekelijks een nieuwe editie uit vol met persoonlijke verhalen van bekende en onbekende personen over actuele onderwerpen. Een tijdschrift vol met inspiratie op het gebied van mode, wonen, culinair, toerisme, maar ook persoonlijke verhalen en informatieve dossiers.<\/p>","protected":false},"excerpt":{"rendered":"<h2>In deze editie:<\/h2>\n<p>We love Itali\u00eb &#8211; Puglia in de tuin: buitenleven in de mediterrane sfeer &#8211; Ciao Bella! Outfits in vrolijke sorbetkleuren &#8211; Karlijn (42) emigreerde naar Toscane &#8211; Italiaanse avonturen. 10 vrouwen vertellen: &#8216;Mijn schoonmoeder gaf mij sexy lingerie cadeau&#8217; &#8211; Pistache! Over je pasta, dessert of salade &#8211; Kiezen is een kunst: zo weet je wat de juiste keuze is &#8211; Extra dik! 46 pagina&#8217;s Itali\u00eb inspiratie. Klein-Veneti\u00eb , charmant Chioggia. De parel van Sicili\u00eb, ontdek de Egadische eilanden. Rondje Gardameer: 6x dit mag je niet missen &#8211; Anita (59) nam haar kleinzoons in huis: &#8216;Ik was ineens moeder, vader en oma ineen&#8217; &#8211; Nieuwe columnist Paul de Leeuw: &#8216;Het water gutste van de trap \u00e9n dwars door het plafond naar beneden&#8217;<\/p>","protected":false},"featured_media":388158,"comment_status":"open","ping_status":"closed","template":"","meta":{"_acf_changed":false,"_mo_disable_npp":""},"product_brand":[],"product_cat":[7874,7621,7512,7510,7513,7514,7515],"product_tag":[],"class_list":{"0":"post-320341","1":"product","2":"type-product","3":"status-publish","4":"has-post-thumbnail","6":"product_cat-libelle","7":"product_cat-lifestyle","8":"product_cat-losse-tijdschriften","9":"product_cat-magazines","10":"product_cat-mode-lifestyle","11":"product_cat-vrouw","12":"product_cat-vrouw-algemeen","13":"pa_doelgroep-vrouwen","14":"pa_erotisch-tijdschrift-nee","15":"pa_taal-nederlands","16":"pa_thema-lifestyle-en-fashion","17":"pa_tijdschrift-set-nee","18":"pa_type-tijdschrift-weekblad","19":"pa_uitgever-dpg-media","21":"first","22":"outofstock","23":"taxable","24":"shipping-taxable","25":"purchasable","26":"product-type-simple"},"acf":[],"df_price":5.25,"df_sale_price":"","df_regular_price":5.25,"df_image_link":"https:\/\/aboland.nl\/wp-content\/uploads\/2023\/09\/libelle-21-2023-233x300.webp","_links":{"self":[{"href":"https:\/\/aboland.nl\/be\/wp-json\/wp\/v2\/product\/320341","targetHints":{"allow":["GET"]}}],"collection":[{"href":"https:\/\/aboland.nl\/be\/wp-json\/wp\/v2\/product"}],"about":[{"href":"https:\/\/aboland.nl\/be\/wp-json\/wp\/v2\/types\/product"}],"replies":[{"embeddable":true,"href":"https:\/\/aboland.nl\/be\/wp-json\/wp\/v2\/comments?post=320341"}],"version-history":[{"count":0,"href":"https:\/\/aboland.nl\/be\/wp-json\/wp\/v2\/product\/320341\/revisions"}],"wp:featuredmedia":[{"embeddable":true,"href":"https:\/\/aboland.nl\/be\/wp-json\/wp\/v2\/media\/388158"}],"wp:attachment":[{"href":"https:\/\/aboland.nl\/be\/wp-json\/wp\/v2\/media?parent=320341"}],"wp:term":[{"taxonomy":"product_brand","embeddable":true,"href":"https:\/\/aboland.nl\/be\/wp-json\/wp\/v2\/product_brand?post=320341"},{"taxonomy":"product_cat","embeddable":true,"href":"https:\/\/aboland.nl\/be\/wp-json\/wp\/v2\/product_cat?post=320341"},{"taxonomy":"product_tag","embeddable":true,"href":"https:\/\/aboland.nl\/be\/wp-json\/wp\/v2\/product_tag?post=320341"}],"curies":[{"name":"wp","href":"https:\/\/api.w.org\/{rel}","templated":true}]}}