{"id":275495,"date":"2023-03-08T19:48:33","date_gmt":"2023-03-08T18:48:33","guid":{"rendered":"https:\/\/aboland.dk\/product\/harlequin-favorieten-bouquet-756-2023\/"},"modified":"2023-11-16T01:48:54","modified_gmt":"2023-11-16T00:48:54","slug":"harlequin-favorieten-bouquet-756-2023","status":"publish","type":"product","link":"https:\/\/aboland.nl\/be\/harlequin-favorieten-bouquet-756-2023\/","title":{"rendered":"Harlequin Favorieten Bouquet &#8211; 756 2023"},"content":{"rendered":"<h2>Over dit magazine:<\/h2>\n<p>De liefdesverhalen waar Harlequin beroemd mee is geworden. Bouquet neemt je mee naar een wereld vol glamour, hartstocht en verleiding\u2026<\/p>","protected":false},"excerpt":{"rendered":"<h2>In deze editie:<\/h2>\n<p>Wanhoop der liefde<br \/>\nEmma hoeft Vincenzo nooit meer te zien\u2026<\/p>\n<p>Hun huwelijk lijkt voorbij, en ontgoocheld keert ze terug naar Engeland. Dan ontdekt ze dat ze zwanger is, en moet ze toch weer contact met hem opnemen. Vincenzo wil helpen en financi\u00eble steun bieden. Op \u00e9\u00e9n voorwaarde: ze moet terugkeren naar Sicili\u00eb, en in zijn bed\u2026<\/p>\n<p>Vuur van hartstocht<br \/>\nLily is totaal in de war\u2026<\/p>\n<p>Eerst zegt Martino toe haar te begeleiden op haar rondreis door Itali\u00eb, zij het met duidelijke tegenzin. En terwijl het onmiskenbaar is dat hij haar veracht, geeft hij haar vervolgens een volkomen onverwachte, heel vurige kus. Wat wil de machtige tycoon nu precies van haar?<\/p>\n<p>Gedreven door begeerte<br \/>\nLucille wil alleen maar wat ervaring opdoen\u2026<\/p>\n<p>Valentino lijkt haar daarvoor de ideale kandidaat. Iedereen weet immers dat hij zich nooit aan \u00e9\u00e9n vrouw zal binden. Tot haar verbazing blijkt dat hij haar niet voor \u00e9\u00e9n nacht wil maar voor altijd! H\u00e8? Een rijke playboy kan toch niet \u00e9cht vallen voor een doodgewone vrouw als zij?<\/p>\n<p>Deze verhalen zijn eerder verschenen.<\/p>\n<p>Als een sneeuwbal in het vuur<br \/>\nLucas is veel te zelfverzekerd\u2026<\/p>\n<p>Wanneer Kim hem duidelijk maakt dat een relatie tussen hem (haar baas) en haar (zijn PA) geen goed idee is, schrikt hem dat totaal niet af. Integendeel! En dan is hij ook nog eens belachelijk succesvol en overdreven aantrekkelijk. Misschien kan \u00e9\u00e9n date geen kwaad?<\/p>\n<p>Hemelse nachten<br \/>\nSpiros is heel effici\u00ebnt\u2026<\/p>\n<p>Het lukt Gina niet om ook maar in de buurt te komen van de man die hij als veiligheidsexpert beschermt. Maar ze m\u00f3\u00e9t die persoon spreken, dus blijft ze aandringen. Net als het erop lijkt dat het toch gaat lukken, doet Spiros iets wat haar missie compleet in gevaar brengt: hij kust haar\u2026<\/p>\n<p>Deze verhalen zijn eerder verschenen.<\/p>","protected":false},"featured_media":382908,"comment_status":"open","ping_status":"closed","template":"","meta":{"_acf_changed":false,"_mo_disable_npp":""},"product_brand":[],"product_cat":[7798,7799,7801,8232,7512,7510,7556,7514],"product_tag":[],"class_list":{"0":"post-275495","1":"product","2":"type-product","3":"status-publish","4":"has-post-thumbnail","6":"product_cat-harlequin","7":"product_cat-harlequin-magazines","8":"product_cat-harlequin-bouquet","9":"product_cat-harlequin-favorieten","10":"product_cat-losse-tijdschriften","11":"product_cat-magazines","12":"product_cat-romans","13":"product_cat-vrouw","14":"pa_doelgroep-vrouwen","15":"pa_erotisch-tijdschrift-nee","16":"pa_taal-nederlands","17":"pa_thema-hobby-en-vrije-tijd","18":"pa_tijdschrift-set-nee","20":"first","21":"outofstock","22":"taxable","23":"shipping-taxable","24":"purchasable","25":"product-type-simple"},"acf":[],"df_price":6.99,"df_sale_price":"","df_regular_price":6.99,"df_image_link":"https:\/\/aboland.nl\/wp-content\/uploads\/2023\/09\/harlequin-favorieten-bouquet-756-2023-233x300.webp","_links":{"self":[{"href":"https:\/\/aboland.nl\/be\/wp-json\/wp\/v2\/product\/275495","targetHints":{"allow":["GET"]}}],"collection":[{"href":"https:\/\/aboland.nl\/be\/wp-json\/wp\/v2\/product"}],"about":[{"href":"https:\/\/aboland.nl\/be\/wp-json\/wp\/v2\/types\/product"}],"replies":[{"embeddable":true,"href":"https:\/\/aboland.nl\/be\/wp-json\/wp\/v2\/comments?post=275495"}],"version-history":[{"count":0,"href":"https:\/\/aboland.nl\/be\/wp-json\/wp\/v2\/product\/275495\/revisions"}],"wp:featuredmedia":[{"embeddable":true,"href":"https:\/\/aboland.nl\/be\/wp-json\/wp\/v2\/media\/382908"}],"wp:attachment":[{"href":"https:\/\/aboland.nl\/be\/wp-json\/wp\/v2\/media?parent=275495"}],"wp:term":[{"taxonomy":"product_brand","embeddable":true,"href":"https:\/\/aboland.nl\/be\/wp-json\/wp\/v2\/product_brand?post=275495"},{"taxonomy":"product_cat","embeddable":true,"href":"https:\/\/aboland.nl\/be\/wp-json\/wp\/v2\/product_cat?post=275495"},{"taxonomy":"product_tag","embeddable":true,"href":"https:\/\/aboland.nl\/be\/wp-json\/wp\/v2\/product_tag?post=275495"}],"curies":[{"name":"wp","href":"https:\/\/api.w.org\/{rel}","templated":true}]}}