{"id":220089,"date":"2022-12-08T13:02:27","date_gmt":"2022-12-08T12:02:27","guid":{"rendered":"https:\/\/aboland.dk\/product\/story-50-2022\/"},"modified":"2024-07-05T02:19:24","modified_gmt":"2024-07-05T00:19:24","slug":"story-50-2022","status":"publish","type":"product","link":"https:\/\/aboland.nl\/be\/story-50-2022\/","title":{"rendered":"Story &#8211; 50 2022"},"content":{"rendered":"<h2>Over dit magazine:<\/h2>\n<p>Story brengt iedere week het allerlaatste nieuws over ons koningshuis en Nederlandse en internationale showbizz. Met iedere week de meest onthullende verhalen en exclusieve foto\u00b4s. Daarnaast is er ook wekelijks een gratis puzzelbijlage!<\/p>","protected":false},"excerpt":{"rendered":"<p>In deze editie:<\/p>\n<p>Bizarre stap na aangiftes tegen Thijs R\u00f6mer: Zijn getroffen vrouw Igone geeft tweede kans aan collega die \u00f3\u00f3k beticht is van seksueel misbruik! \u2013 Cosmetische ingrepen van de royals &#8211; + Gratis puzzelboekje \u2013 Exclusief in Story: Terwijl vriendin Martha de (boodschappen)kar trekt. Matthijs van Nieuwkerk leeft als kluizenaar \u2013 Exclusief in Story: Schaatsheld Sjinkie verlaat gezin\u2026 en model Chanti is zijn nieuwe liefde! \u2013 \u2018Huwelijk voor Dumfries na WK\u2019 Zijn Jaimy \u2013 Ondanks gedwongen verblijf op Paleis Huis ten Bosch. Ooggetuige verklapt: Amala\u2019s geheime tipje naar romantisch Wenen<\/p>","protected":false},"featured_media":382837,"comment_status":"open","ping_status":"closed","template":"","meta":{"_acf_changed":false,"_mo_disable_npp":""},"product_brand":[],"product_cat":[7512,7510,7967,7966,7825,8067,7514],"product_tag":[],"class_list":{"0":"post-220089","1":"product","2":"type-product","3":"status-publish","4":"has-post-thumbnail","6":"product_cat-losse-tijdschriften","7":"product_cat-magazines","8":"product_cat-roddelbladen","9":"product_cat-showbizz-royalty","10":"product_cat-stars-celebrities","11":"product_cat-story","12":"product_cat-vrouw","13":"pa_categorie-showbizz","14":"pa_doelgroep-vrouwen","15":"pa_erotisch-tijdschrift-nee","16":"pa_frequentie-52-x-per-jaar","17":"pa_taal-nederlands","18":"pa_thema-showbizz-en-royalty","19":"pa_tijdschrift-set-nee","20":"pa_type-tijdschrift-weekblad","21":"pa_uitgever-dpg-media","23":"first","24":"outofstock","25":"taxable","26":"shipping-taxable","27":"purchasable","28":"product-type-simple"},"acf":[],"df_price":3.75,"df_sale_price":"","df_regular_price":3.75,"df_image_link":"https:\/\/aboland.nl\/wp-content\/uploads\/2023\/09\/story-50-2022-233x300.webp","_links":{"self":[{"href":"https:\/\/aboland.nl\/be\/wp-json\/wp\/v2\/product\/220089","targetHints":{"allow":["GET"]}}],"collection":[{"href":"https:\/\/aboland.nl\/be\/wp-json\/wp\/v2\/product"}],"about":[{"href":"https:\/\/aboland.nl\/be\/wp-json\/wp\/v2\/types\/product"}],"replies":[{"embeddable":true,"href":"https:\/\/aboland.nl\/be\/wp-json\/wp\/v2\/comments?post=220089"}],"version-history":[{"count":0,"href":"https:\/\/aboland.nl\/be\/wp-json\/wp\/v2\/product\/220089\/revisions"}],"wp:featuredmedia":[{"embeddable":true,"href":"https:\/\/aboland.nl\/be\/wp-json\/wp\/v2\/media\/382837"}],"wp:attachment":[{"href":"https:\/\/aboland.nl\/be\/wp-json\/wp\/v2\/media?parent=220089"}],"wp:term":[{"taxonomy":"product_brand","embeddable":true,"href":"https:\/\/aboland.nl\/be\/wp-json\/wp\/v2\/product_brand?post=220089"},{"taxonomy":"product_cat","embeddable":true,"href":"https:\/\/aboland.nl\/be\/wp-json\/wp\/v2\/product_cat?post=220089"},{"taxonomy":"product_tag","embeddable":true,"href":"https:\/\/aboland.nl\/be\/wp-json\/wp\/v2\/product_tag?post=220089"}],"curies":[{"name":"wp","href":"https:\/\/api.w.org\/{rel}","templated":true}]}}