{"id":202476,"date":"2022-10-12T19:26:50","date_gmt":"2022-10-12T17:26:50","guid":{"rendered":"https:\/\/aboland.dk\/product\/awater-najaar-2022\/"},"modified":"2026-03-10T02:01:25","modified_gmt":"2026-03-10T01:01:25","slug":"awater-najaar-2022","status":"publish","type":"product","link":"https:\/\/aboland.nl\/be\/awater-najaar-2022\/","title":{"rendered":"Awater &#8211; najaar 2022"},"content":{"rendered":"<h2>Over dit magazine:<\/h2>\n<p>Awater is het grootste poezie tijdschrift van Nederland. In dit tijdschrift vindt u nieuws, achtergronden en recensies over po\u00ebzie.<\/p>","protected":false},"excerpt":{"rendered":"<p>In deze editie:<\/p>\n<p>Het magisch denken Mustafa Stitou &#8211; H\u00e9l\u00e8ne Gel\u00e8ns: &#8216;Ik miste het schrijven van gedichten&#8217; &#8211; Vertaalde po\u00ebzie van Anne Sexton &#8211; Jan Cleijne verstript een gedicht van Radna Fabias &#8211; Nieuwe po\u00ebzie van Lans Stroeve en Harm Hendrik ten Napel en een essay over in de po\u00ebzie. &#8211; Recensies van bundels van onder meer Alara Adilow, Hannah van Binsbergen, Gerda Blees, Paul Demets, Esther Jansma, K. Schippers en Ivo van Strijtem<\/p>","protected":false},"featured_media":386188,"comment_status":"open","ping_status":"closed","template":"","meta":{"_acf_changed":false,"_mo_disable_npp":""},"product_brand":[],"product_cat":[7575,7576,7544,7577,7512,7510],"product_tag":[],"class_list":{"0":"post-202476","1":"product","2":"type-product","3":"status-publish","4":"has-post-thumbnail","6":"product_cat-awater","7":"product_cat-cultuur","8":"product_cat-kennis-wetenschap","9":"product_cat-kunst","10":"product_cat-losse-tijdschriften","11":"product_cat-magazines","12":"pa_doelgroep-mannen","13":"pa_doelgroep-vrouwen","14":"pa_erotisch-tijdschrift-nee","15":"pa_taal-nederlands","16":"pa_thema-kunst-en-cultuur","17":"pa_tijdschrift-set-nee","18":"pa_type-tijdschrift-tweemaandelijks-blad","20":"first","21":"instock","22":"sale","23":"taxable","24":"shipping-taxable","25":"purchasable","26":"product-type-simple"},"acf":[],"df_price":6,"df_sale_price":6,"df_regular_price":8.5,"df_image_link":"https:\/\/aboland.nl\/wp-content\/uploads\/2023\/09\/awater-najaar-2022-233x300.webp","_links":{"self":[{"href":"https:\/\/aboland.nl\/be\/wp-json\/wp\/v2\/product\/202476","targetHints":{"allow":["GET"]}}],"collection":[{"href":"https:\/\/aboland.nl\/be\/wp-json\/wp\/v2\/product"}],"about":[{"href":"https:\/\/aboland.nl\/be\/wp-json\/wp\/v2\/types\/product"}],"replies":[{"embeddable":true,"href":"https:\/\/aboland.nl\/be\/wp-json\/wp\/v2\/comments?post=202476"}],"version-history":[{"count":0,"href":"https:\/\/aboland.nl\/be\/wp-json\/wp\/v2\/product\/202476\/revisions"}],"wp:featuredmedia":[{"embeddable":true,"href":"https:\/\/aboland.nl\/be\/wp-json\/wp\/v2\/media\/386188"}],"wp:attachment":[{"href":"https:\/\/aboland.nl\/be\/wp-json\/wp\/v2\/media?parent=202476"}],"wp:term":[{"taxonomy":"product_brand","embeddable":true,"href":"https:\/\/aboland.nl\/be\/wp-json\/wp\/v2\/product_brand?post=202476"},{"taxonomy":"product_cat","embeddable":true,"href":"https:\/\/aboland.nl\/be\/wp-json\/wp\/v2\/product_cat?post=202476"},{"taxonomy":"product_tag","embeddable":true,"href":"https:\/\/aboland.nl\/be\/wp-json\/wp\/v2\/product_tag?post=202476"}],"curies":[{"name":"wp","href":"https:\/\/api.w.org\/{rel}","templated":true}]}}