{"id":201908,"date":"2022-09-15T19:53:32","date_gmt":"2022-09-15T17:53:32","guid":{"rendered":"https:\/\/aboland.dk\/product\/perswijn-06-2022\/"},"modified":"2024-06-14T14:43:51","modified_gmt":"2024-06-14T12:43:51","slug":"perswijn-06-2022","status":"publish","type":"product","link":"https:\/\/aboland.nl\/be\/perswijn-06-2022\/","title":{"rendered":"Perswijn &#8211; 06 2022"},"content":{"rendered":"<h2>Over dit magazine:<\/h2>\n<p>Perswijn\u00a0magazine is h\u00e9t toonaangevende wijnmagazine voor wijnliefhebbers en wijnprofessionals in Nederland en Belgi\u00eb.<\/p>","protected":false},"excerpt":{"rendered":"<p>In deze editie:<\/p>\n<p>Geproefd: 660 wijnen &#8211; Nederbelgische wijn &#8211; Artadi: Wijn uit het hart &#8211; Op het etiket: Sud de France &#8211; Kruisbestuiving, hoe staat het met hybriden? &#8211; C\u00f4te-R\u00f4tie en zijn supersyrah &#8211; Het ultieme wijngebied: De mosel &#8211; Herkomst Blaufr\u00e4nkisch &#8211; &#8216;Ik zag me hetzelfde werk niet nog op een andere plek doen&#8217; &#8211; Sebas Joosten<\/p>","protected":false},"featured_media":379363,"comment_status":"open","ping_status":"closed","template":"","meta":{"_acf_changed":false,"_mo_disable_npp":""},"product_brand":[],"product_cat":[7602,7599,7512,7510,7970,7559,7971],"product_tag":[],"class_list":{"0":"post-201908","1":"product","2":"type-product","3":"status-publish","4":"has-post-thumbnail","6":"product_cat-culinair-algemeen","7":"product_cat-drinken","8":"product_cat-losse-tijdschriften","9":"product_cat-magazines","10":"product_cat-perswijn","11":"product_cat-voeding-gezondheid","12":"product_cat-wijn","13":"pa_doelgroep-mannen","14":"pa_doelgroep-vrouwen","15":"pa_erotisch-tijdschrift-nee","16":"pa_taal-nederlands","17":"pa_thema-health-en-food","18":"pa_tijdschrift-set-nee","19":"pa_type-tijdschrift-tweemaandelijks-blad","20":"pa_uitgever-abonnementenland","22":"first","23":"outofstock","24":"taxable","25":"shipping-taxable","26":"purchasable","27":"product-type-simple"},"acf":[],"df_price":11,"df_sale_price":"","df_regular_price":11,"df_image_link":"https:\/\/aboland.nl\/wp-content\/uploads\/2023\/09\/perswijn-06-2022-233x300.webp","_links":{"self":[{"href":"https:\/\/aboland.nl\/be\/wp-json\/wp\/v2\/product\/201908","targetHints":{"allow":["GET"]}}],"collection":[{"href":"https:\/\/aboland.nl\/be\/wp-json\/wp\/v2\/product"}],"about":[{"href":"https:\/\/aboland.nl\/be\/wp-json\/wp\/v2\/types\/product"}],"replies":[{"embeddable":true,"href":"https:\/\/aboland.nl\/be\/wp-json\/wp\/v2\/comments?post=201908"}],"version-history":[{"count":0,"href":"https:\/\/aboland.nl\/be\/wp-json\/wp\/v2\/product\/201908\/revisions"}],"wp:featuredmedia":[{"embeddable":true,"href":"https:\/\/aboland.nl\/be\/wp-json\/wp\/v2\/media\/379363"}],"wp:attachment":[{"href":"https:\/\/aboland.nl\/be\/wp-json\/wp\/v2\/media?parent=201908"}],"wp:term":[{"taxonomy":"product_brand","embeddable":true,"href":"https:\/\/aboland.nl\/be\/wp-json\/wp\/v2\/product_brand?post=201908"},{"taxonomy":"product_cat","embeddable":true,"href":"https:\/\/aboland.nl\/be\/wp-json\/wp\/v2\/product_cat?post=201908"},{"taxonomy":"product_tag","embeddable":true,"href":"https:\/\/aboland.nl\/be\/wp-json\/wp\/v2\/product_tag?post=201908"}],"curies":[{"name":"wp","href":"https:\/\/api.w.org\/{rel}","templated":true}]}}