{"id":201262,"date":"2022-08-25T18:56:29","date_gmt":"2022-08-25T16:56:29","guid":{"rendered":"https:\/\/aboland.dk\/product\/bcbg-magazine-04-2022\/"},"modified":"2024-12-13T02:01:46","modified_gmt":"2024-12-13T01:01:46","slug":"bcbg-magazine-04-2022","status":"publish","type":"product","link":"https:\/\/aboland.nl\/be\/bcbg-magazine-04-2022\/","title":{"rendered":"BCBG Magazine &#8211; 04 2022"},"content":{"rendered":"<h2>Over dit magazine:<\/h2>\n<p>BCBG is een magazine voor gastronomen met een voorliefde voor het topsegment horeca en luxury lifestyle. BCBG staat voor Bon Chic Bon Genre: &#8216;Teneinde je te onderscheiden van de grauwe gedemocratiseerde massa&#8217;. Iets wat iedereen in dit magazine nastreeft zonder snobistisch te zijn.<\/p>","protected":false},"excerpt":{"rendered":"<p>In deze editie:<\/p>\n<p>De librije, waar dromen uitkomen &#8211; Restaurant De Librije &#8211; Jonnie &amp; Th\u00e9r\u00e8se Boer &#8211; Juli\u00ebn van Loo &#8211; Soenil Bahadoer &#8211; Chef&#8217;s Table Ibiza &#8211; Chefs (r)evolution &#8211; Richard Zijlstra &#8211; Mike Cornelissen<\/p>","protected":false},"featured_media":385655,"comment_status":"open","ping_status":"closed","template":"","meta":{"_acf_changed":false,"_mo_disable_npp":""},"product_brand":[],"product_cat":[7584,7602,7585,7512,7510,7559],"product_tag":[],"class_list":{"0":"post-201262","1":"product","2":"type-product","3":"status-publish","4":"has-post-thumbnail","6":"product_cat-bcbg-magazine","7":"product_cat-culinair-algemeen","8":"product_cat-eten","9":"product_cat-losse-tijdschriften","10":"product_cat-magazines","11":"product_cat-voeding-gezondheid","12":"pa_doelgroep-mannen","13":"pa_doelgroep-vrouwen","14":"pa_erotisch-tijdschrift-nee","15":"pa_taal-nederlands","16":"pa_thema-health-en-food","17":"pa_tijdschrift-set-nee","18":"pa_type-tijdschrift-tweemaandelijks-blad","19":"pa_uitgever-bertensmedia-bv","21":"first","22":"instock","23":"taxable","24":"shipping-taxable","25":"purchasable","26":"product-type-simple"},"acf":[],"df_price":7.95,"df_sale_price":"","df_regular_price":7.95,"df_image_link":"https:\/\/aboland.nl\/wp-content\/uploads\/2023\/09\/bcbg-04-2022-233x300.webp","_links":{"self":[{"href":"https:\/\/aboland.nl\/be\/wp-json\/wp\/v2\/product\/201262","targetHints":{"allow":["GET"]}}],"collection":[{"href":"https:\/\/aboland.nl\/be\/wp-json\/wp\/v2\/product"}],"about":[{"href":"https:\/\/aboland.nl\/be\/wp-json\/wp\/v2\/types\/product"}],"replies":[{"embeddable":true,"href":"https:\/\/aboland.nl\/be\/wp-json\/wp\/v2\/comments?post=201262"}],"version-history":[{"count":0,"href":"https:\/\/aboland.nl\/be\/wp-json\/wp\/v2\/product\/201262\/revisions"}],"wp:featuredmedia":[{"embeddable":true,"href":"https:\/\/aboland.nl\/be\/wp-json\/wp\/v2\/media\/385655"}],"wp:attachment":[{"href":"https:\/\/aboland.nl\/be\/wp-json\/wp\/v2\/media?parent=201262"}],"wp:term":[{"taxonomy":"product_brand","embeddable":true,"href":"https:\/\/aboland.nl\/be\/wp-json\/wp\/v2\/product_brand?post=201262"},{"taxonomy":"product_cat","embeddable":true,"href":"https:\/\/aboland.nl\/be\/wp-json\/wp\/v2\/product_cat?post=201262"},{"taxonomy":"product_tag","embeddable":true,"href":"https:\/\/aboland.nl\/be\/wp-json\/wp\/v2\/product_tag?post=201262"}],"curies":[{"name":"wp","href":"https:\/\/api.w.org\/{rel}","templated":true}]}}