{"id":200557,"date":"2022-08-16T14:30:21","date_gmt":"2022-08-16T12:30:21","guid":{"rendered":"https:\/\/aboland.dk\/product\/il-giornale-italie-krant-abonnement\/"},"modified":"2025-09-06T03:01:28","modified_gmt":"2025-09-06T01:01:28","slug":"il-giornale-italie-krant-abonnement","status":"publish","type":"product","link":"https:\/\/aboland.nl\/be\/il-giornale-italie-krant-abonnement\/","title":{"rendered":"Il Giornale Itali\u00eb Krant abonnement"},"content":{"rendered":"<p>II Giornale is een Italiaanse krant die je inspireert en informeert over alle leuke, nuttige, lekkere en mooie dingen uit Itali\u00eb! Sluit nu eenvoudig een abonnement af bij Magvilla. Zodat jij altijd op de hoogte blijft van de mooie dingen die gebeuren in Itali\u00eb.<\/p>","protected":false},"excerpt":{"rendered":"<h2>Over dit magazine:<\/h2>\n<p>Onze gedrukte krant bestaat al tien jaar en we sturen hem ook thuis! Blijf het hele jaar bij de Italiaanse tijd en ge\u00efnspireerd en ge\u00efnformeerd over alle leuke, nuttige, lekkere en mooie dingen uit Itali\u00eb!<\/p>","protected":false},"featured_media":742056,"comment_status":"open","ping_status":"closed","template":"","meta":{"_acf_changed":false,"_mo_disable_npp":""},"product_brand":[],"product_cat":[8605,8608,8207],"product_tag":[],"class_list":{"0":"post-200557","1":"product","2":"type-product","3":"status-publish","4":"has-post-thumbnail","6":"product_cat-kennis-wetenschap-tijdschrift-abonnementen","7":"product_cat-reizen-recreatie-tijdschrift-abonnementen","8":"product_cat-tijdschrift-abonnementen","9":"pa_categorie-kennis-wetenschap","10":"pa_categorie-reizen","11":"pa_doelgroep-mannen","12":"pa_doelgroep-vrouwen","13":"pa_frequentie-04-x-per-jaar","14":"pa_taal-nederlands","16":"first","17":"instock","18":"taxable","19":"shipping-taxable","20":"purchasable","21":"product-type-variable"},"acf":[],"df_price":13.5,"df_sale_price":"","df_regular_price":13.5,"df_image_link":"https:\/\/aboland.nl\/wp-content\/uploads\/2025\/09\/il-giornale-herfst2025-204x300.jpg","_links":{"self":[{"href":"https:\/\/aboland.nl\/be\/wp-json\/wp\/v2\/product\/200557","targetHints":{"allow":["GET"]}}],"collection":[{"href":"https:\/\/aboland.nl\/be\/wp-json\/wp\/v2\/product"}],"about":[{"href":"https:\/\/aboland.nl\/be\/wp-json\/wp\/v2\/types\/product"}],"replies":[{"embeddable":true,"href":"https:\/\/aboland.nl\/be\/wp-json\/wp\/v2\/comments?post=200557"}],"version-history":[{"count":0,"href":"https:\/\/aboland.nl\/be\/wp-json\/wp\/v2\/product\/200557\/revisions"}],"wp:featuredmedia":[{"embeddable":true,"href":"https:\/\/aboland.nl\/be\/wp-json\/wp\/v2\/media\/742056"}],"wp:attachment":[{"href":"https:\/\/aboland.nl\/be\/wp-json\/wp\/v2\/media?parent=200557"}],"wp:term":[{"taxonomy":"product_brand","embeddable":true,"href":"https:\/\/aboland.nl\/be\/wp-json\/wp\/v2\/product_brand?post=200557"},{"taxonomy":"product_cat","embeddable":true,"href":"https:\/\/aboland.nl\/be\/wp-json\/wp\/v2\/product_cat?post=200557"},{"taxonomy":"product_tag","embeddable":true,"href":"https:\/\/aboland.nl\/be\/wp-json\/wp\/v2\/product_tag?post=200557"}],"curies":[{"name":"wp","href":"https:\/\/api.w.org\/{rel}","templated":true}]}}