{"id":199653,"date":"2022-07-13T18:42:47","date_gmt":"2022-07-13T16:42:47","guid":{"rendered":"https:\/\/aboland.dk\/product\/flair-27-2022-zomerboek-2022\/"},"modified":"2024-06-07T03:20:51","modified_gmt":"2024-06-07T01:20:51","slug":"flair-27-2022-zomerboek-2022","status":"publish","type":"product","link":"https:\/\/aboland.nl\/be\/flair-27-2022-zomerboek-2022\/","title":{"rendered":"Flair &#8211; 27 2022 + Zomerboek 2022"},"content":{"rendered":"<p>Met Flair zit je lekker in je vel! In dit magazine vind je betaalbare mode, makkelijke recepten en praktische tips voor in en rond het huis. Ook geniet je van de herkenbare columns, eerlijke interviews met bekende Nederlanders en leef je mee met de real life verhalen van lezeressen.<\/p>","protected":false},"excerpt":{"rendered":"<p>In deze editie:<\/p>\n<p>Flair Zomerboek: 148 pagina\u2019s h\u00e9\u00e9l veel real life \u2013 De ene zomer\u2026 \u2018Voor ons was het echt een holiday from hell\u2019 \u2013 Love: Zinderende liefdesverhalen. \u2018Z\u00f3 lekker, seks met een andere man: ik zag sterretjes!\u2019<\/p>\n<p>Flair 27-2022: Gwen werd in haar huis overvallen: &#8216;Als je de politie belt, vermoord ik je&#8217; &#8211; Keer op keer weggestuurd door de artsen: &#8216;Maar het bleek ni\u00e9t tussen mijn oren te zitten&#8217; &#8211; Op een droogje: Timo: &#8216;Je kunt ook eens g\u00e9\u00e9n nee zeggen als ik je verleid&#8217; &#8211; D\u00e1t wil ik dus niet meer: Hoe corona onze ambitie om zee hielp &#8211; Het leven van Miss Univserse Charlotte leek perfect: &#8216;Niemand had door dat ik kapot ging van binnen&#8217; &#8211; Kinderloos: &#8216;Het voelt als een straf voor die abortus van toen&#8217; &#8211; Sexperiment: &#8216;Overleeft onze relatie een trio?&#8217; &#8211; Taboe: &#8216;Ik hou veel van mijn oudste. maar niet zo veel als van mijn jongste&#8217;.<\/p>","protected":false},"featured_media":382741,"comment_status":"open","ping_status":"closed","template":"","meta":{"_acf_changed":false,"_mo_disable_npp":""},"product_brand":[],"product_cat":[7512,7514,7515],"product_tag":[],"class_list":{"0":"post-199653","1":"product","2":"type-product","3":"status-publish","4":"has-post-thumbnail","6":"product_cat-losse-tijdschriften","7":"product_cat-vrouw","8":"product_cat-vrouw-algemeen","9":"pa_categorie-mode-lifestyle","11":"first","12":"outofstock","13":"taxable","14":"shipping-taxable","15":"purchasable","16":"product-type-simple"},"acf":[],"df_price":7.99,"df_sale_price":"","df_regular_price":7.99,"df_image_link":"https:\/\/aboland.nl\/wp-content\/uploads\/2023\/09\/pk-flair-en-zomerboek-27-2022-233x300.webp","_links":{"self":[{"href":"https:\/\/aboland.nl\/be\/wp-json\/wp\/v2\/product\/199653","targetHints":{"allow":["GET"]}}],"collection":[{"href":"https:\/\/aboland.nl\/be\/wp-json\/wp\/v2\/product"}],"about":[{"href":"https:\/\/aboland.nl\/be\/wp-json\/wp\/v2\/types\/product"}],"replies":[{"embeddable":true,"href":"https:\/\/aboland.nl\/be\/wp-json\/wp\/v2\/comments?post=199653"}],"version-history":[{"count":0,"href":"https:\/\/aboland.nl\/be\/wp-json\/wp\/v2\/product\/199653\/revisions"}],"wp:featuredmedia":[{"embeddable":true,"href":"https:\/\/aboland.nl\/be\/wp-json\/wp\/v2\/media\/382741"}],"wp:attachment":[{"href":"https:\/\/aboland.nl\/be\/wp-json\/wp\/v2\/media?parent=199653"}],"wp:term":[{"taxonomy":"product_brand","embeddable":true,"href":"https:\/\/aboland.nl\/be\/wp-json\/wp\/v2\/product_brand?post=199653"},{"taxonomy":"product_cat","embeddable":true,"href":"https:\/\/aboland.nl\/be\/wp-json\/wp\/v2\/product_cat?post=199653"},{"taxonomy":"product_tag","embeddable":true,"href":"https:\/\/aboland.nl\/be\/wp-json\/wp\/v2\/product_tag?post=199653"}],"curies":[{"name":"wp","href":"https:\/\/api.w.org\/{rel}","templated":true}]}}