{"id":199276,"date":"2022-07-12T23:09:10","date_gmt":"2022-07-12T21:09:10","guid":{"rendered":"https:\/\/aboland.dk\/product\/denksport-woordzoeker-vakantieboek-280-2022\/"},"modified":"2024-06-08T03:15:06","modified_gmt":"2024-06-08T01:15:06","slug":"denksport-woordzoeker-vakantieboek-280-2022","status":"publish","type":"product","link":"https:\/\/aboland.nl\/be\/denksport-woordzoeker-vakantieboek-280-2022\/","title":{"rendered":"Denksport Woordzoeker vakantieboek &#8211; 280 2022"},"content":{"rendered":"<h2>Over dit magazine:<\/h2>\n<p>Dit puzzelboek is uitgegroeid tot \u00e9\u00e9n van de meest geliefde uitgaven onder onze woordzoekerpuzzelaars. Ontspannend voor op vakantie \u00e9n gezellig voor thuis.<\/p>","protected":false},"excerpt":{"rendered":"<p>Over dit magazine: Dit puzzelboek is uitgegroeid tot \u00e9\u00e9n van de meest geliefde uitgaven onder onze woordzoekerpuzzelaars. Ontspannend voor op vakantie \u00e9n gezellig voor thuis.<\/p>","protected":false},"featured_media":379275,"comment_status":"open","ping_status":"closed","template":"","meta":{"_acf_changed":false,"_mo_disable_npp":""},"product_brand":[],"product_cat":[8164,8178,7539,7512,7510,7830,8179],"product_tag":[],"class_list":{"0":"post-199276","1":"product","2":"type-product","3":"status-publish","4":"has-post-thumbnail","6":"product_cat-denksport","7":"product_cat-denksport-woordzoekers","8":"product_cat-hobby-vrije-tijd","9":"product_cat-losse-tijdschriften","10":"product_cat-magazines","11":"product_cat-puzzels","12":"product_cat-woordzoekers-puzzels","13":"product_shipping_class-losse-editie","14":"pa_doelgroep-mannen","15":"pa_doelgroep-vrouwen","16":"pa_erotisch-tijdschrift-nee","17":"pa_taal-nederlands","18":"pa_thema-puzzels","19":"pa_tijdschrift-set-nee","20":"pa_type-tijdschrift-maandblad","21":"pa_uitgever-keesing-nederland-b-v","23":"first","24":"outofstock","25":"taxable","26":"shipping-taxable","27":"purchasable","28":"product-type-simple"},"acf":[],"df_price":3.95,"df_sale_price":"","df_regular_price":3.95,"df_image_link":"https:\/\/aboland.nl\/wp-content\/uploads\/2023\/09\/dsp-woordzoeker-280-2022-233x300.webp","_links":{"self":[{"href":"https:\/\/aboland.nl\/be\/wp-json\/wp\/v2\/product\/199276","targetHints":{"allow":["GET"]}}],"collection":[{"href":"https:\/\/aboland.nl\/be\/wp-json\/wp\/v2\/product"}],"about":[{"href":"https:\/\/aboland.nl\/be\/wp-json\/wp\/v2\/types\/product"}],"replies":[{"embeddable":true,"href":"https:\/\/aboland.nl\/be\/wp-json\/wp\/v2\/comments?post=199276"}],"version-history":[{"count":0,"href":"https:\/\/aboland.nl\/be\/wp-json\/wp\/v2\/product\/199276\/revisions"}],"wp:featuredmedia":[{"embeddable":true,"href":"https:\/\/aboland.nl\/be\/wp-json\/wp\/v2\/media\/379275"}],"wp:attachment":[{"href":"https:\/\/aboland.nl\/be\/wp-json\/wp\/v2\/media?parent=199276"}],"wp:term":[{"taxonomy":"product_brand","embeddable":true,"href":"https:\/\/aboland.nl\/be\/wp-json\/wp\/v2\/product_brand?post=199276"},{"taxonomy":"product_cat","embeddable":true,"href":"https:\/\/aboland.nl\/be\/wp-json\/wp\/v2\/product_cat?post=199276"},{"taxonomy":"product_tag","embeddable":true,"href":"https:\/\/aboland.nl\/be\/wp-json\/wp\/v2\/product_tag?post=199276"}],"curies":[{"name":"wp","href":"https:\/\/api.w.org\/{rel}","templated":true}]}}