{"id":198911,"date":"2022-07-06T13:31:41","date_gmt":"2022-07-06T11:31:41","guid":{"rendered":"https:\/\/aboland.dk\/product\/lekker-vega-02-2022\/"},"modified":"2024-03-09T02:42:39","modified_gmt":"2024-03-09T01:42:39","slug":"lekker-vega-02-2022","status":"publish","type":"product","link":"https:\/\/aboland.nl\/be\/lekker-vega-02-2022\/","title":{"rendered":"Lekker Vega &#8211; 02 2022"},"content":{"rendered":"<h2>Over dit magazine:<\/h2>\n<p>Het lekkerste magazine voor een vega lifestyle! Met vega en vegan recepten, o.a. van bekende chefkoks;\u00a0kooktips \/ van chefs, en ook vanuit onze eigen Kookshows!;\u00a0hotspots \/ zoals restaurants voorzien van het LEKKER VEGA Keurmerk;\u00a0voedingsinfo, expert-artikelen, interviews &amp; columns en nog veel meer prachtige kijk- en lees-content<\/p>","protected":false},"excerpt":{"rendered":"<p>In deze editie:<\/p>\n<p>Zomer &#8211; 96 pagina&#8217;s Vega-inspiratie &#8211; Let&#8217;s go South! Traditioneel vegan ut de m\u00e9diterran\u00e9e &#8211; Zomermenu met zuidelijke allure van Mari Maris &#8211; En ook: Vega z\u00f3nder pakjes en zakjes &#8211; Mini-special vetten &#8211; Nieuwe rubriek: de boer op, Nadine Maarhuis &#8211; Sytske de Waart neemt afscheid als voedingsdeskundige &#8211; Een editie vol zinderende, zomerse smaken: Elle van Rijn aan tafel met Alexander Gersshberg, Belgische Saffraan, witacties<\/p>","protected":false},"featured_media":0,"comment_status":"open","ping_status":"closed","template":"","meta":{"_acf_changed":false,"_mo_disable_npp":""},"product_brand":[],"product_cat":[7602,7872,7512,7510,7559],"product_tag":[],"class_list":{"0":"post-198911","1":"product","2":"type-product","3":"status-publish","5":"product_cat-culinair-algemeen","6":"product_cat-lekker-vega","7":"product_cat-losse-tijdschriften","8":"product_cat-magazines","9":"product_cat-voeding-gezondheid","10":"pa_doelgroep-mannen","11":"pa_doelgroep-vrouwen","12":"pa_erotisch-tijdschrift-nee","13":"pa_taal-nederlands","14":"pa_thema-health-en-food","15":"pa_tijdschrift-set-nee","16":"pa_type-tijdschrift-kwartaalblad","18":"first","19":"outofstock","20":"taxable","21":"shipping-taxable","22":"purchasable","23":"product-type-simple"},"acf":[],"df_price":5.95,"df_sale_price":"","df_regular_price":5.95,"df_image_link":"https:\/\/aboland.nl\/wp-content\/uploads\/woocommerce-placeholder-300x300.png","_links":{"self":[{"href":"https:\/\/aboland.nl\/be\/wp-json\/wp\/v2\/product\/198911","targetHints":{"allow":["GET"]}}],"collection":[{"href":"https:\/\/aboland.nl\/be\/wp-json\/wp\/v2\/product"}],"about":[{"href":"https:\/\/aboland.nl\/be\/wp-json\/wp\/v2\/types\/product"}],"replies":[{"embeddable":true,"href":"https:\/\/aboland.nl\/be\/wp-json\/wp\/v2\/comments?post=198911"}],"version-history":[{"count":0,"href":"https:\/\/aboland.nl\/be\/wp-json\/wp\/v2\/product\/198911\/revisions"}],"wp:attachment":[{"href":"https:\/\/aboland.nl\/be\/wp-json\/wp\/v2\/media?parent=198911"}],"wp:term":[{"taxonomy":"product_brand","embeddable":true,"href":"https:\/\/aboland.nl\/be\/wp-json\/wp\/v2\/product_brand?post=198911"},{"taxonomy":"product_cat","embeddable":true,"href":"https:\/\/aboland.nl\/be\/wp-json\/wp\/v2\/product_cat?post=198911"},{"taxonomy":"product_tag","embeddable":true,"href":"https:\/\/aboland.nl\/be\/wp-json\/wp\/v2\/product_tag?post=198911"}],"curies":[{"name":"wp","href":"https:\/\/api.w.org\/{rel}","templated":true}]}}