{"id":198626,"date":"2022-07-01T20:43:58","date_gmt":"2022-07-01T18:43:58","guid":{"rendered":"https:\/\/aboland.dk\/product\/womens-health-nl-03-2021\/"},"modified":"2026-03-18T02:01:38","modified_gmt":"2026-03-18T01:01:38","slug":"womens-health-nl-03-2021","status":"publish","type":"product","link":"https:\/\/aboland.nl\/be\/womens-health-nl-03-2021\/","title":{"rendered":"Women&#8217;s Health NL &#8211; 03 2021"},"content":{"rendered":"<p>Woord ge\u00efnspireerd tot een gezonder, fitter en avontuurlijker leven met Women\u2019s Health tijdschrift. In dit blad lees je alles over health, fitness en lifestyle, ook lees je over onderwerpen als beauty, mode, voeding, seks en relaties. Nu makkelijk te bestellen bij Magvilla.<\/p>","protected":false},"excerpt":{"rendered":"<h2>In deze editie:<\/h2>\n<p>Gaan voor goud: handbalkeepster Tess Wester gooit het roer om: &#8216;Ik wil mezelf blijven prikkelen en uitdagen&#8217; &#8211; Doei di\u00ebten, hallo eten op intu\u00eftie &#8211; Hoe bouw je aan een gezond immuun-systeem? &#8211; Dit is de \u00e9chte winnaarsmentaliteit: leer denken als een topsporter<\/p>","protected":false},"featured_media":384262,"comment_status":"open","ping_status":"closed","template":"","meta":{"_acf_changed":false,"_mo_disable_npp":""},"product_brand":[],"product_cat":[7795,7561,7560,7512,7510,7533,7559,7514,7515,8143],"product_tag":[],"class_list":{"0":"post-198626","1":"product","2":"type-product","3":"status-publish","4":"has-post-thumbnail","6":"product_cat-fitness","7":"product_cat-gezondheid","8":"product_cat-lichaam-geest","9":"product_cat-losse-tijdschriften","10":"product_cat-magazines","11":"product_cat-sport","12":"product_cat-voeding-gezondheid","13":"product_cat-vrouw","14":"product_cat-vrouw-algemeen","15":"product_cat-womens-health-nl","16":"pa_doelgroep-vrouwen","17":"pa_erotisch-tijdschrift-nee","18":"pa_taal-nederlands","19":"pa_thema-health-en-food","20":"pa_thema-lifestyle-en-fashion","21":"pa_thema-sport","22":"pa_tijdschrift-set-nee","23":"pa_type-tijdschrift-maandblad","24":"pa_uitgever-hearst-netherlands","26":"first","27":"instock","28":"sale","29":"taxable","30":"shipping-taxable","31":"purchasable","32":"product-type-simple"},"acf":[],"df_price":4.5,"df_sale_price":4.5,"df_regular_price":4.99,"df_image_link":"https:\/\/aboland.nl\/wp-content\/uploads\/2023\/09\/womens-health-03-2021-233x300.webp","_links":{"self":[{"href":"https:\/\/aboland.nl\/be\/wp-json\/wp\/v2\/product\/198626","targetHints":{"allow":["GET"]}}],"collection":[{"href":"https:\/\/aboland.nl\/be\/wp-json\/wp\/v2\/product"}],"about":[{"href":"https:\/\/aboland.nl\/be\/wp-json\/wp\/v2\/types\/product"}],"replies":[{"embeddable":true,"href":"https:\/\/aboland.nl\/be\/wp-json\/wp\/v2\/comments?post=198626"}],"version-history":[{"count":0,"href":"https:\/\/aboland.nl\/be\/wp-json\/wp\/v2\/product\/198626\/revisions"}],"wp:featuredmedia":[{"embeddable":true,"href":"https:\/\/aboland.nl\/be\/wp-json\/wp\/v2\/media\/384262"}],"wp:attachment":[{"href":"https:\/\/aboland.nl\/be\/wp-json\/wp\/v2\/media?parent=198626"}],"wp:term":[{"taxonomy":"product_brand","embeddable":true,"href":"https:\/\/aboland.nl\/be\/wp-json\/wp\/v2\/product_brand?post=198626"},{"taxonomy":"product_cat","embeddable":true,"href":"https:\/\/aboland.nl\/be\/wp-json\/wp\/v2\/product_cat?post=198626"},{"taxonomy":"product_tag","embeddable":true,"href":"https:\/\/aboland.nl\/be\/wp-json\/wp\/v2\/product_tag?post=198626"}],"curies":[{"name":"wp","href":"https:\/\/api.w.org\/{rel}","templated":true}]}}