{"id":196775,"date":"2022-07-01T20:30:31","date_gmt":"2022-07-01T18:30:31","guid":{"rendered":"https:\/\/aboland.dk\/product\/perswijn-02-2020\/"},"modified":"2026-02-25T15:46:07","modified_gmt":"2026-02-25T14:46:07","slug":"perswijn-02-2020","status":"publish","type":"product","link":"https:\/\/aboland.nl\/be\/perswijn-02-2020\/","title":{"rendered":"Perswijn &#8211; 02 2020"},"content":{"rendered":"<h2>Over dit magazine:<\/h2>\n<p>Perswijn\u00a0magazine is h\u00e9t toonaangevende wijnmagazine voor wijnliefhebbers en wijnprofessionals in Nederland en Belgi\u00eb.<\/p>","protected":false},"excerpt":{"rendered":"<h2>In deze editie:<\/h2>\n<p>J\u00e9r\u00f4me Pr\u00e9vost: Monsieur Meunier &#8211; Nebbiolo voor iedereen &#8211; Adembenemend zoet &#8211; Beaujolais beweegt &#8211; Drink beter, ga op cursus &#8211; Tejo: Flexibel &amp; divers &#8211; Geproefd: Prosecco: Vrolijk, fruitig en betrouwbaar &#8211; Perfect rood &#8211; Voor het voorjaar: sp\u00e4tburgunder en fr\u00fchburgunder &#8211; Rode en witte roussillon: niet in de mode, w\u00e9l lekker &#8211; Viognier uit IGP&#8217;s &#8211; Sla gerust een voorraadje in! &#8211; Volop variatie uit Sicili\u00eb<\/p>","protected":false},"featured_media":370542,"comment_status":"open","ping_status":"closed","template":"","meta":{"_acf_changed":false,"_mo_disable_npp":""},"product_brand":[],"product_cat":[7602,7599,7512,7510,7970,7559,7971],"product_tag":[],"class_list":{"0":"post-196775","1":"product","2":"type-product","3":"status-publish","4":"has-post-thumbnail","6":"product_cat-culinair-algemeen","7":"product_cat-drinken","8":"product_cat-losse-tijdschriften","9":"product_cat-magazines","10":"product_cat-perswijn","11":"product_cat-voeding-gezondheid","12":"product_cat-wijn","13":"pa_doelgroep-mannen","14":"pa_doelgroep-vrouwen","15":"pa_erotisch-tijdschrift-nee","16":"pa_taal-nederlands","17":"pa_thema-health-en-food","18":"pa_tijdschrift-set-nee","19":"pa_type-tijdschrift-tweemaandelijks-blad","20":"pa_uitgever-abonnementenland","22":"first","23":"instock","24":"sale","25":"taxable","26":"shipping-taxable","27":"purchasable","28":"product-type-simple"},"acf":[],"df_price":7,"df_sale_price":7,"df_regular_price":9.95,"df_image_link":"https:\/\/aboland.nl\/wp-content\/uploads\/2023\/08\/perswijn202-2020-233x300.webp","_links":{"self":[{"href":"https:\/\/aboland.nl\/be\/wp-json\/wp\/v2\/product\/196775","targetHints":{"allow":["GET"]}}],"collection":[{"href":"https:\/\/aboland.nl\/be\/wp-json\/wp\/v2\/product"}],"about":[{"href":"https:\/\/aboland.nl\/be\/wp-json\/wp\/v2\/types\/product"}],"replies":[{"embeddable":true,"href":"https:\/\/aboland.nl\/be\/wp-json\/wp\/v2\/comments?post=196775"}],"version-history":[{"count":0,"href":"https:\/\/aboland.nl\/be\/wp-json\/wp\/v2\/product\/196775\/revisions"}],"wp:featuredmedia":[{"embeddable":true,"href":"https:\/\/aboland.nl\/be\/wp-json\/wp\/v2\/media\/370542"}],"wp:attachment":[{"href":"https:\/\/aboland.nl\/be\/wp-json\/wp\/v2\/media?parent=196775"}],"wp:term":[{"taxonomy":"product_brand","embeddable":true,"href":"https:\/\/aboland.nl\/be\/wp-json\/wp\/v2\/product_brand?post=196775"},{"taxonomy":"product_cat","embeddable":true,"href":"https:\/\/aboland.nl\/be\/wp-json\/wp\/v2\/product_cat?post=196775"},{"taxonomy":"product_tag","embeddable":true,"href":"https:\/\/aboland.nl\/be\/wp-json\/wp\/v2\/product_tag?post=196775"}],"curies":[{"name":"wp","href":"https:\/\/api.w.org\/{rel}","templated":true}]}}