{"id":196101,"date":"2022-07-01T20:25:42","date_gmt":"2022-07-01T18:25:42","guid":{"rendered":"https:\/\/aboland.dk\/product\/musicmaker-476-2020\/"},"modified":"2024-05-04T03:09:24","modified_gmt":"2024-05-04T01:09:24","slug":"musicmaker-476-2020","status":"publish","type":"product","link":"https:\/\/aboland.nl\/be\/musicmaker-476-2020\/","title":{"rendered":"Musicmaker &#8211; 476 2020"},"content":{"rendered":"<h2>Over dit magazine:<\/h2>\n<p>In Musicmaker lees je alles wat je wilt weten als muzikant. Musicmaker informeert over alle aspecten die bij het \u2018muzikantenleven\u2019 horen. Daarbij kan je denken aan het schrijven van nummers, het opnemen van muziek, het repeteren, het optreden, et cetera. In het tijdschrift vind je daarnaast interviews, achtergrondartikelen, tests en recensies.<\/p>","protected":false},"excerpt":{"rendered":"<h2>In deze editie:<\/h2>\n<p>Live-stream tips! Stroomlijn je stream &#8211; Corona-update: Nog \u00e9ven volhouden &#8211; Remy van Kesteren: De harp heeft de toekomst! &#8211; Ruige rootsrockers: Drive-by truckers. &#8216;Met sounds experimenteren is fantastisch!&#8217; &#8211; Getest: Fender Lead III, Rode NT-USB Mini, Zoom LiveTrak L-8, Austrian Audio Hi-X55 &#8211; Walrus Audio Mako D1 &#8211; Soundbrenner Core Steel &#8211; Adje Vandenberg: Gitaarheld is w\u00e9\u00e9r terug! &#8211; D.I.? Wat \u00eds dat? Het onderschatte podiumkastje &#8211; Online bandpromotie: Supertips voor social media <\/p>","protected":false},"featured_media":369667,"comment_status":"open","ping_status":"closed","template":"","meta":{"_acf_changed":false,"_mo_disable_npp":""},"product_brand":[],"product_cat":[7512,7510,7699,7925,7628],"product_tag":[],"class_list":{"0":"post-196101","1":"product","2":"type-product","3":"status-publish","4":"has-post-thumbnail","6":"product_cat-losse-tijdschriften","7":"product_cat-magazines","8":"product_cat-musiceren","9":"product_cat-musicmaker","10":"product_cat-muziek-film","11":"pa_categorie-hobby-vrije-tijd","12":"pa_doelgroep-mannen","13":"pa_doelgroep-vrouwen","14":"pa_erotisch-tijdschrift-nee","15":"pa_taal-nederlands","16":"pa_thema-film-muziek-en-games","17":"pa_tijdschrift-set-nee","18":"pa_type-tijdschrift-tweemaandelijks-blad","20":"first","21":"instock","22":"taxable","23":"shipping-taxable","24":"purchasable","25":"product-type-simple"},"acf":[],"df_price":6.9,"df_sale_price":"","df_regular_price":6.9,"df_image_link":"https:\/\/aboland.nl\/wp-content\/uploads\/2023\/08\/music20maker20476-2020-233x300.webp","_links":{"self":[{"href":"https:\/\/aboland.nl\/be\/wp-json\/wp\/v2\/product\/196101","targetHints":{"allow":["GET"]}}],"collection":[{"href":"https:\/\/aboland.nl\/be\/wp-json\/wp\/v2\/product"}],"about":[{"href":"https:\/\/aboland.nl\/be\/wp-json\/wp\/v2\/types\/product"}],"replies":[{"embeddable":true,"href":"https:\/\/aboland.nl\/be\/wp-json\/wp\/v2\/comments?post=196101"}],"version-history":[{"count":0,"href":"https:\/\/aboland.nl\/be\/wp-json\/wp\/v2\/product\/196101\/revisions"}],"wp:featuredmedia":[{"embeddable":true,"href":"https:\/\/aboland.nl\/be\/wp-json\/wp\/v2\/media\/369667"}],"wp:attachment":[{"href":"https:\/\/aboland.nl\/be\/wp-json\/wp\/v2\/media?parent=196101"}],"wp:term":[{"taxonomy":"product_brand","embeddable":true,"href":"https:\/\/aboland.nl\/be\/wp-json\/wp\/v2\/product_brand?post=196101"},{"taxonomy":"product_cat","embeddable":true,"href":"https:\/\/aboland.nl\/be\/wp-json\/wp\/v2\/product_cat?post=196101"},{"taxonomy":"product_tag","embeddable":true,"href":"https:\/\/aboland.nl\/be\/wp-json\/wp\/v2\/product_tag?post=196101"}],"curies":[{"name":"wp","href":"https:\/\/api.w.org\/{rel}","templated":true}]}}