{"id":195756,"date":"2022-07-01T20:23:25","date_gmt":"2022-07-01T18:23:25","guid":{"rendered":"https:\/\/aboland.dk\/product\/meesterlijk-van-robert-32-2022\/"},"modified":"2025-09-27T03:02:33","modified_gmt":"2025-09-27T01:02:33","slug":"meesterlijk-van-robert-32-2022","status":"publish","type":"product","link":"https:\/\/aboland.nl\/be\/meesterlijk-van-robert-32-2022\/","title":{"rendered":"Meesterlijk van Rob\u00e8rt &#8211; 32 2022"},"content":{"rendered":"<h2>Over dit magazine:<\/h2>\n<p>Meesterlijk\u00a0van Rob\u00e8rt is h\u00e9t (thuis)bakblad van Rob\u00e8rt van Beckhoven, met de beste recepten en tips voor thuisbakkers. Laat je inspireren!<\/p>","protected":false},"excerpt":{"rendered":"<h2>In deze editie:<\/h2>\n<p>Bakken vanuit de basis bloem &amp; meel &#8211; Rob\u00c3\u00a8rts tips voor biscuit &amp; botercr\u00c3\u00a8me &#8211; Dikke mik met Andr\u00e9 met Duin &#8211; Stap voor stap gevuld vlechtbrood &#8211; Salades van de bakker &#8211; In de spotlight: scones<\/p>","protected":false},"featured_media":369382,"comment_status":"open","ping_status":"closed","template":"","meta":{"_acf_changed":false,"_mo_disable_npp":""},"product_brand":[],"product_cat":[7897,7602,7585,7539,7512,7510,7898,7559],"product_tag":[],"class_list":{"0":"post-195756","1":"product","2":"type-product","3":"status-publish","4":"has-post-thumbnail","6":"product_cat-bakken","7":"product_cat-culinair-algemeen","8":"product_cat-eten","9":"product_cat-hobby-vrije-tijd","10":"product_cat-losse-tijdschriften","11":"product_cat-magazines","12":"product_cat-meesterlijk-van-robert","13":"product_cat-voeding-gezondheid","14":"pa_doelgroep-mannen","15":"pa_doelgroep-vrouwen","16":"pa_erotisch-tijdschrift-nee","17":"pa_taal-nederlands","18":"pa_thema-health-en-food","19":"pa_thema-hobby-en-vrije-tijd","20":"pa_tijdschrift-set-nee","21":"pa_type-tijdschrift-tweemaandelijks-blad","22":"pa_uitgever-meesterlijk-merk-b-v","24":"first","25":"outofstock","26":"taxable","27":"shipping-taxable","28":"purchasable","29":"product-type-simple"},"acf":[],"df_price":9.95,"df_sale_price":"","df_regular_price":9.95,"df_image_link":"https:\/\/aboland.nl\/wp-content\/uploads\/2023\/08\/meesterlijk-van-robert-32-2022-233x300.webp","_links":{"self":[{"href":"https:\/\/aboland.nl\/be\/wp-json\/wp\/v2\/product\/195756","targetHints":{"allow":["GET"]}}],"collection":[{"href":"https:\/\/aboland.nl\/be\/wp-json\/wp\/v2\/product"}],"about":[{"href":"https:\/\/aboland.nl\/be\/wp-json\/wp\/v2\/types\/product"}],"replies":[{"embeddable":true,"href":"https:\/\/aboland.nl\/be\/wp-json\/wp\/v2\/comments?post=195756"}],"version-history":[{"count":0,"href":"https:\/\/aboland.nl\/be\/wp-json\/wp\/v2\/product\/195756\/revisions"}],"wp:featuredmedia":[{"embeddable":true,"href":"https:\/\/aboland.nl\/be\/wp-json\/wp\/v2\/media\/369382"}],"wp:attachment":[{"href":"https:\/\/aboland.nl\/be\/wp-json\/wp\/v2\/media?parent=195756"}],"wp:term":[{"taxonomy":"product_brand","embeddable":true,"href":"https:\/\/aboland.nl\/be\/wp-json\/wp\/v2\/product_brand?post=195756"},{"taxonomy":"product_cat","embeddable":true,"href":"https:\/\/aboland.nl\/be\/wp-json\/wp\/v2\/product_cat?post=195756"},{"taxonomy":"product_tag","embeddable":true,"href":"https:\/\/aboland.nl\/be\/wp-json\/wp\/v2\/product_tag?post=195756"}],"curies":[{"name":"wp","href":"https:\/\/api.w.org\/{rel}","templated":true}]}}