{"id":193045,"date":"2022-07-01T20:05:26","date_gmt":"2022-07-01T18:05:26","guid":{"rendered":"https:\/\/aboland.dk\/product\/autoweek-campers-03-2022\/"},"modified":"2025-04-12T03:01:30","modified_gmt":"2025-04-12T01:01:30","slug":"autoweek-campers-03-2022","status":"publish","type":"product","link":"https:\/\/aboland.nl\/be\/autoweek-campers-03-2022\/","title":{"rendered":"AutoWeek &#8211; Campers 03 2022"},"content":{"rendered":"<p>Autoweek is d\u00e9 auto-autoriteit van Nederland. In het magazine vind je autonieuws met scoops, rij-impressies en vergelijkende tests van nieuwe en bestaande modellen. Wil jij op de hoogte blijven van het laatste autonieuws? Bestel Autoweek dan eenvoudig en snel via onze website!<\/p>","protected":false},"excerpt":{"rendered":"<h2>In deze editie:<\/h2>\n<p>Gefeliciteerd! &#8211; 48 pagina&#8217;s extra! De gouden tijden van het autorijden &#8211; Jubilea van Citro\u00ebn BX, Renault 5, Mercedes-Benz A-Klasse, Honda Civiv, Mercedes-Benz SL, Cadillac Alant\u00e9, Ford Taunus 12m &#8211; Toen Fiat BMW De baas was &#8211; Fiat 2300 S Coup\u00e9, BMW 2000 CS: &#8216;Zo vernieuwend als de expressionistische BMW is, zo klassiek is de Fiat&#8217; &#8211; Klaar voor een mooie klassiekerzomer: klokje rond Land Rover Series II: &#8216;Hij heeft een doel: mij blij maken&#8217; &#8211; Heilige hallen: de verborgen schatten van Peugeot &#8211; Eeuwige Rivalen: Volkswagen Golf GTI 16V-Opel Kadett 2.0 GSI<\/p>","protected":false},"featured_media":367181,"comment_status":"open","ping_status":"closed","template":"","meta":{"_acf_changed":false,"_mo_disable_npp":""},"product_brand":[],"product_cat":[7529,7530,7512],"product_tag":[],"class_list":{"0":"post-193045","1":"product","2":"type-product","3":"status-publish","4":"has-post-thumbnail","6":"product_cat-auto-vervoer","7":"product_cat-autos","8":"product_cat-losse-tijdschriften","9":"pa_categorie-automotive","10":"pa_doelgroep-mannen","11":"pa_erotisch-tijdschrift-nee","12":"pa_taal-nederlands","13":"pa_thema-autos-en-motoren","14":"pa_tijdschrift-set-nee","15":"pa_type-tijdschrift-weekblad","16":"pa_uitgever-dpg-media","18":"first","19":"outofstock","20":"taxable","21":"shipping-taxable","22":"purchasable","23":"product-type-simple"},"acf":[],"df_price":6.95,"df_sale_price":"","df_regular_price":6.95,"df_image_link":"https:\/\/aboland.nl\/wp-content\/uploads\/2023\/08\/autoweek-campers-03-2022-233x300.webp","_links":{"self":[{"href":"https:\/\/aboland.nl\/be\/wp-json\/wp\/v2\/product\/193045","targetHints":{"allow":["GET"]}}],"collection":[{"href":"https:\/\/aboland.nl\/be\/wp-json\/wp\/v2\/product"}],"about":[{"href":"https:\/\/aboland.nl\/be\/wp-json\/wp\/v2\/types\/product"}],"replies":[{"embeddable":true,"href":"https:\/\/aboland.nl\/be\/wp-json\/wp\/v2\/comments?post=193045"}],"version-history":[{"count":0,"href":"https:\/\/aboland.nl\/be\/wp-json\/wp\/v2\/product\/193045\/revisions"}],"wp:featuredmedia":[{"embeddable":true,"href":"https:\/\/aboland.nl\/be\/wp-json\/wp\/v2\/media\/367181"}],"wp:attachment":[{"href":"https:\/\/aboland.nl\/be\/wp-json\/wp\/v2\/media?parent=193045"}],"wp:term":[{"taxonomy":"product_brand","embeddable":true,"href":"https:\/\/aboland.nl\/be\/wp-json\/wp\/v2\/product_brand?post=193045"},{"taxonomy":"product_cat","embeddable":true,"href":"https:\/\/aboland.nl\/be\/wp-json\/wp\/v2\/product_cat?post=193045"},{"taxonomy":"product_tag","embeddable":true,"href":"https:\/\/aboland.nl\/be\/wp-json\/wp\/v2\/product_tag?post=193045"}],"curies":[{"name":"wp","href":"https:\/\/api.w.org\/{rel}","templated":true}]}}